{"id":1340,"date":"2024-07-01T12:26:47","date_gmt":"2024-07-01T10:26:47","guid":{"rendered":"https:\/\/www.asimute.uha.fr\/de\/?page_id=1340"},"modified":"2024-07-01T12:41:06","modified_gmt":"2024-07-01T10:41:06","slug":"kommunikationskit","status":"publish","type":"page","link":"https:\/\/www.asimute.uha.fr\/de\/kommunikationskit\/","title":{"rendered":"Kommunikationskit"},"content":{"rendered":"\t\t<div data-elementor-type=\"wp-page\" data-elementor-id=\"1340\" class=\"elementor elementor-1340\" data-elementor-post-type=\"page\">\n\t\t\t\t<div class=\"elementor-element elementor-element-0e221b1 e-flex e-con-boxed e-con e-parent\" data-id=\"0e221b1\" data-element_type=\"container\" data-e-type=\"container\">\n\t\t\t\t\t<div class=\"e-con-inner\">\n\t\t\t\t<div class=\"elementor-element elementor-element-c6fe384 elementor-widget elementor-widget-global elementor-global-53 elementor-widget-breadcrumbs\" data-id=\"c6fe384\" data-element_type=\"widget\" data-e-type=\"widget\" data-widget_type=\"breadcrumbs.default\">\n\t\t\t\t<div class=\"elementor-widget-container\">\n\t\t\t\t\t<p id=\"breadcrumbs\"><span><span><a href=\"https:\/\/www.asimute.uha.fr\/de\/\">Accueil<\/a><\/span><\/span><\/p>\t\t\t\t<\/div>\n\t\t\t\t<\/div>\n\t\t\t\t\t<\/div>\n\t\t\t\t<\/div>\n\t\t<div class=\"elementor-element elementor-element-23657e6 e-flex e-con-boxed e-con e-parent\" data-id=\"23657e6\" data-element_type=\"container\" data-e-type=\"container\">\n\t\t\t\t\t<div class=\"e-con-inner\">\n\t\t\t\t<div class=\"elementor-element elementor-element-8c67686 elementor-widget elementor-widget-heading\" data-id=\"8c67686\" data-element_type=\"widget\" data-e-type=\"widget\" data-widget_type=\"heading.default\">\n\t\t\t\t<div class=\"elementor-widget-container\">\n\t\t\t\t\t<h1 class=\"elementor-heading-title elementor-size-default\">Kommunikationskit<\/h1>\t\t\t\t<\/div>\n\t\t\t\t<\/div>\n\t\t\t\t<div class=\"elementor-element elementor-element-9b610f8 elementor-widget elementor-widget-heading\" data-id=\"9b610f8\" data-element_type=\"widget\" data-e-type=\"widget\" data-widget_type=\"heading.default\">\n\t\t\t\t<div class=\"elementor-widget-container\">\n\t\t\t\t\t<h2 class=\"elementor-heading-title elementor-size-default\">Wie man \u00fcber das ASIMUTE-Projekt spricht<\/h2>\t\t\t\t<\/div>\n\t\t\t\t<\/div>\n\t\t<div class=\"elementor-element elementor-element-c91ebb9 e-con-full e-flex e-con e-child\" data-id=\"c91ebb9\" data-element_type=\"container\" data-e-type=\"container\">\n\t\t<div class=\"elementor-element elementor-element-f0e9834 e-con-full e-flex e-con e-child\" data-id=\"f0e9834\" data-element_type=\"container\" data-e-type=\"container\">\n\t\t\t\t<div class=\"elementor-element elementor-element-61e8a83 elementor-widget elementor-widget-text-editor\" data-id=\"61e8a83\" data-element_type=\"widget\" data-e-type=\"widget\" data-widget_type=\"text-editor.default\">\n\t\t\t\t<div class=\"elementor-widget-container\">\n\t\t\t\t\t\t\t\t\t<p>Wenn Sie auf einfache Weise \u00fcber das ASIMUTE-Projekt berichten m\u00f6chten, laden Sie eines unserer Kommunikationspakete herunter. Sie enthalten alle Informationen, Leitlinien und Dateien, die Sie zum Schreiben eines Artikels ben\u00f6tigen.<\/p>\t\t\t\t\t\t\t\t<\/div>\n\t\t\t\t<\/div>\n\t\t<div class=\"elementor-element elementor-element-9171eb1 e-con-full e-flex e-con e-child\" data-id=\"9171eb1\" data-element_type=\"container\" data-e-type=\"container\">\n\t\t\t\t<div class=\"elementor-element elementor-element-5352db3 elementor-align-justify elementor-widget-mobile__width-inherit elementor-widget elementor-widget-button\" data-id=\"5352db3\" data-element_type=\"widget\" data-e-type=\"widget\" data-widget_type=\"button.default\">\n\t\t\t\t<div class=\"elementor-widget-container\">\n\t\t\t\t\t\t\t\t\t<div class=\"elementor-button-wrapper\">\n\t\t\t\t\t<a class=\"elementor-button elementor-button-link elementor-size-sm\" href=\"https:\/\/www.asimute.uha.fr\/de\/wp-content\/uploads\/2024\/07\/AsimuteKitCommunication-Digital-DE.zip\" target=\"_blank\" rel=\"nofollow\">\n\t\t\t\t\t\t<span class=\"elementor-button-content-wrapper\">\n\t\t\t\t\t\t\t\t\t<span class=\"elementor-button-text\">Download des digitalen Kits<\/span>\n\t\t\t\t\t<\/span>\n\t\t\t\t\t<\/a>\n\t\t\t\t<\/div>\n\t\t\t\t\t\t\t\t<\/div>\n\t\t\t\t<\/div>\n\t\t\t\t<div class=\"elementor-element elementor-element-c8921eb elementor-align-justify elementor-widget-mobile__width-inherit elementor-widget elementor-widget-button\" data-id=\"c8921eb\" data-element_type=\"widget\" data-e-type=\"widget\" data-widget_type=\"button.default\">\n\t\t\t\t<div class=\"elementor-widget-container\">\n\t\t\t\t\t\t\t\t\t<div class=\"elementor-button-wrapper\">\n\t\t\t\t\t<a class=\"elementor-button elementor-button-link elementor-size-sm\" href=\"https:\/\/www.asimute.uha.fr\/de\/wp-content\/uploads\/2024\/07\/AsimuteKitCommunication-Print-DE.zip\" target=\"_blank\" rel=\"nofollow\">\n\t\t\t\t\t\t<span class=\"elementor-button-content-wrapper\">\n\t\t\t\t\t\t\t\t\t<span class=\"elementor-button-text\">Download des Drucksets<\/span>\n\t\t\t\t\t<\/span>\n\t\t\t\t\t<\/a>\n\t\t\t\t<\/div>\n\t\t\t\t\t\t\t\t<\/div>\n\t\t\t\t<\/div>\n\t\t\t\t<\/div>\n\t\t\t\t<\/div>\n\t\t<div class=\"elementor-element elementor-element-9cd032d e-con-full e-flex e-con e-child\" data-id=\"9cd032d\" data-element_type=\"container\" data-e-type=\"container\" data-settings=\"{&quot;background_background&quot;:&quot;classic&quot;}\">\n\t\t\t\t<div class=\"elementor-element elementor-element-3a3628f contact-info elementor-widget__width-inherit elementor-widget elementor-widget-text-editor\" data-id=\"3a3628f\" data-element_type=\"widget\" data-e-type=\"widget\" data-widget_type=\"text-editor.default\">\n\t\t\t\t<div class=\"elementor-widget-container\">\n\t\t\t\t\t\t\t\t\t<div><span style=\"font-weight: 500;\">Research coordinator<\/span><br \/>Prof. Djaffar Ould Abdeslam<\/div>\t\t\t\t\t\t\t\t<\/div>\n\t\t\t\t<\/div>\n\t\t\t\t<div class=\"elementor-element elementor-element-0451349 elementor-shape-circle e-grid-align-left elementor-widget__width-initial elementor-grid-0 elementor-widget elementor-widget-social-icons\" data-id=\"0451349\" data-element_type=\"widget\" data-e-type=\"widget\" data-widget_type=\"social-icons.default\">\n\t\t\t\t<div class=\"elementor-widget-container\">\n\t\t\t\t\t\t\t<div class=\"elementor-social-icons-wrapper elementor-grid\">\n\t\t\t\t\t\t\t<span class=\"elementor-grid-item\">\n\t\t\t\t\t<a class=\"elementor-icon elementor-social-icon elementor-social-icon-linkedin elementor-repeater-item-c1040ad\" href=\"https:\/\/fr.linkedin.com\/in\/djaffar-ould-abdeslam-55589526?trk=public_post_feed-actor-name&#038;original_referer=https%3A%2F%2Ffr.linkedin.com%2Fposts%2Fdjaffar-ould-abdeslam-55589526_merci-au-club-des-entreprises-club-atoutalent-activity-7182112313536053248-o356\" target=\"_blank\">\n\t\t\t\t\t\t<span class=\"elementor-screen-only\">Linkedin<\/span>\n\t\t\t\t\t\t<svg aria-hidden=\"true\" class=\"e-font-icon-svg e-fab-linkedin\" viewBox=\"0 0 448 512\" xmlns=\"http:\/\/www.w3.org\/2000\/svg\"><path d=\"M416 32H31.9C14.3 32 0 46.5 0 64.3v383.4C0 465.5 14.3 480 31.9 480H416c17.6 0 32-14.5 32-32.3V64.3c0-17.8-14.4-32.3-32-32.3zM135.4 416H69V202.2h66.5V416zm-33.2-243c-21.3 0-38.5-17.3-38.5-38.5S80.9 96 102.2 96c21.2 0 38.5 17.3 38.5 38.5 0 21.3-17.2 38.5-38.5 38.5zm282.1 243h-66.4V312c0-24.8-.5-56.7-34.5-56.7-34.6 0-39.9 27-39.9 54.9V416h-66.4V202.2h63.7v29.2h.9c8.9-16.8 30.6-34.5 62.9-34.5 67.2 0 79.7 44.3 79.7 101.9V416z\"><\/path><\/svg>\t\t\t\t\t<\/a>\n\t\t\t\t<\/span>\n\t\t\t\t\t<\/div>\n\t\t\t\t\t\t<\/div>\n\t\t\t\t<\/div>\n\t\t\t\t<div class=\"elementor-element elementor-element-565b2f5 elementor-view-stacked elementor-position-inline-start elementor-widget__width-initial elementor-shape-circle elementor-mobile-position-block-start elementor-widget elementor-widget-icon-box\" data-id=\"565b2f5\" data-element_type=\"widget\" data-e-type=\"widget\" data-widget_type=\"icon-box.default\">\n\t\t\t\t<div class=\"elementor-widget-container\">\n\t\t\t\t\t\t\t<div class=\"elementor-icon-box-wrapper\">\n\n\t\t\t\t\t\t<div class=\"elementor-icon-box-icon\">\n\t\t\t\t<a href=\"mailto:djaffar.ould-abdeslam@uha.fr\" class=\"elementor-icon\" tabindex=\"-1\">\n\t\t\t\t<svg aria-hidden=\"true\" class=\"e-font-icon-svg e-fas-envelope\" viewBox=\"0 0 512 512\" xmlns=\"http:\/\/www.w3.org\/2000\/svg\"><path d=\"M502.3 190.8c3.9-3.1 9.7-.2 9.7 4.7V400c0 26.5-21.5 48-48 48H48c-26.5 0-48-21.5-48-48V195.6c0-5 5.7-7.8 9.7-4.7 22.4 17.4 52.1 39.5 154.1 113.6 21.1 15.4 56.7 47.8 92.2 47.6 35.7.3 72-32.8 92.3-47.6 102-74.1 131.6-96.3 154-113.7zM256 320c23.2.4 56.6-29.2 73.4-41.4 132.7-96.3 142.8-104.7 173.4-128.7 5.8-4.5 9.2-11.5 9.2-18.9v-19c0-26.5-21.5-48-48-48H48C21.5 64 0 85.5 0 112v19c0 7.4 3.4 14.3 9.2 18.9 30.6 23.9 40.7 32.4 173.4 128.7 16.8 12.2 50.2 41.8 73.4 41.4z\"><\/path><\/svg>\t\t\t\t<\/a>\n\t\t\t<\/div>\n\t\t\t\n\t\t\t\n\t\t<\/div>\n\t\t\t\t\t\t<\/div>\n\t\t\t\t<\/div>\n\t\t\t\t<div class=\"elementor-element elementor-element-a794ede contact-info elementor-widget elementor-widget-text-editor\" data-id=\"a794ede\" data-element_type=\"widget\" data-e-type=\"widget\" data-widget_type=\"text-editor.default\">\n\t\t\t\t<div class=\"elementor-widget-container\">\n\t\t\t\t\t\t\t\t\t<div style=\"font-weight: 500;\">IRIMAS \u2013 Institut de Recherche en Informatique, Math\u00e9matiques, Automatique et Signal<\/div><div>61, Rue Albert Camus<br \/>F-68093 Mulhouse<\/div>\t\t\t\t\t\t\t\t<\/div>\n\t\t\t\t<\/div>\n\t\t\t\t<\/div>\n\t\t\t\t<\/div>\n\t\t\t\t\t<\/div>\n\t\t\t\t<\/div>\n\t\t\t\t<\/div>\n\t\t","protected":false},"excerpt":{"rendered":"<p>Kommunikationskit Wie man \u00fcber das ASIMUTE-Projekt spricht Wenn Sie auf einfache Weise \u00fcber das ASIMUTE-Projekt berichten m\u00f6chten, laden Sie eines unserer Kommunikationspakete herunter. Sie enthalten alle Informationen, Leitlinien und Dateien, die Sie zum Schreiben eines Artikels ben\u00f6tigen. Download des digitalen Kits Download des Drucksets Research coordinatorProf. Djaffar Ould Abdeslam Linkedin IRIMAS \u2013 Institut de Recherche [&hellip;]<\/p>\n","protected":false},"author":3,"featured_media":0,"parent":0,"menu_order":0,"comment_status":"closed","ping_status":"closed","template":"","meta":{"_acf_changed":false,"footnotes":""},"class_list":["post-1340","page","type-page","status-publish","hentry"],"acf":[],"yoast_head":"<!-- This site is optimized with the Yoast SEO plugin v27.0 - https:\/\/yoast.com\/product\/yoast-seo-wordpress\/ -->\n<title>Kommunikationskit - ASIMUTE - Universit\u00e9 de Haute-Alsace<\/title>\n<meta name=\"robots\" content=\"index, follow, max-snippet:-1, max-image-preview:large, max-video-preview:-1\" \/>\n<link rel=\"canonical\" href=\"https:\/\/www.asimute.uha.fr\/de\/kommunikationskit\/\" \/>\n<meta property=\"og:locale\" content=\"fr_FR\" \/>\n<meta property=\"og:type\" content=\"article\" \/>\n<meta property=\"og:title\" content=\"Kommunikationskit - ASIMUTE - Universit\u00e9 de Haute-Alsace\" \/>\n<meta property=\"og:description\" content=\"Kommunikationskit Wie man \u00fcber das ASIMUTE-Projekt spricht Wenn Sie auf einfache Weise \u00fcber das ASIMUTE-Projekt berichten m\u00f6chten, laden Sie eines unserer Kommunikationspakete herunter. Sie enthalten alle Informationen, Leitlinien und Dateien, die Sie zum Schreiben eines Artikels ben\u00f6tigen. Download des digitalen Kits Download des Drucksets Research coordinatorProf. Djaffar Ould Abdeslam Linkedin IRIMAS \u2013 Institut de Recherche [&hellip;]\" \/>\n<meta property=\"og:url\" content=\"https:\/\/www.asimute.uha.fr\/de\/kommunikationskit\/\" \/>\n<meta property=\"og:site_name\" content=\"ASIMUTE - Universit\u00e9 de Haute-Alsace\" \/>\n<meta property=\"article:modified_time\" content=\"2024-07-01T10:41:06+00:00\" \/>\n<meta name=\"twitter:card\" content=\"summary_large_image\" \/>\n<meta name=\"twitter:label1\" content=\"Dur\u00e9e de lecture estim\u00e9e\" \/>\n\t<meta name=\"twitter:data1\" content=\"1 minute\" \/>\n<script type=\"application\/ld+json\" class=\"yoast-schema-graph\">{\"@context\":\"https:\/\/schema.org\",\"@graph\":[{\"@type\":\"WebPage\",\"@id\":\"https:\/\/www.asimute.uha.fr\/de\/kommunikationskit\/\",\"url\":\"https:\/\/www.asimute.uha.fr\/de\/kommunikationskit\/\",\"name\":\"Kommunikationskit - ASIMUTE - Universit\u00e9 de Haute-Alsace\",\"isPartOf\":{\"@id\":\"https:\/\/www.asimute.uha.fr\/de\/#website\"},\"datePublished\":\"2024-07-01T10:26:47+00:00\",\"dateModified\":\"2024-07-01T10:41:06+00:00\",\"breadcrumb\":{\"@id\":\"https:\/\/www.asimute.uha.fr\/de\/kommunikationskit\/#breadcrumb\"},\"inLanguage\":\"fr-FR\",\"potentialAction\":[{\"@type\":\"ReadAction\",\"target\":[\"https:\/\/www.asimute.uha.fr\/de\/kommunikationskit\/\"]}]},{\"@type\":\"BreadcrumbList\",\"@id\":\"https:\/\/www.asimute.uha.fr\/de\/kommunikationskit\/#breadcrumb\",\"itemListElement\":[{\"@type\":\"ListItem\",\"position\":1,\"name\":\"Accueil\",\"item\":\"https:\/\/www.asimute.uha.fr\/de\/\"},{\"@type\":\"ListItem\",\"position\":2,\"name\":\"Kommunikationskit\"}]},{\"@type\":\"WebSite\",\"@id\":\"https:\/\/www.asimute.uha.fr\/de\/#website\",\"url\":\"https:\/\/www.asimute.uha.fr\/de\/\",\"name\":\"ASIMUTE - Universit\u00e9 de Haute-Alsace\",\"description\":\"\",\"publisher\":{\"@id\":\"https:\/\/www.asimute.uha.fr\/de\/#organization\"},\"potentialAction\":[{\"@type\":\"SearchAction\",\"target\":{\"@type\":\"EntryPoint\",\"urlTemplate\":\"https:\/\/www.asimute.uha.fr\/de\/?s={search_term_string}\"},\"query-input\":{\"@type\":\"PropertyValueSpecification\",\"valueRequired\":true,\"valueName\":\"search_term_string\"}}],\"inLanguage\":\"fr-FR\"},{\"@type\":\"Organization\",\"@id\":\"https:\/\/www.asimute.uha.fr\/de\/#organization\",\"name\":\"ASIMUTE - Universit\u00e9 de Haute-Alsace\",\"url\":\"https:\/\/www.asimute.uha.fr\/de\/\",\"logo\":{\"@type\":\"ImageObject\",\"inLanguage\":\"fr-FR\",\"@id\":\"https:\/\/www.asimute.uha.fr\/de\/#\/schema\/logo\/image\/\",\"url\":\"https:\/\/www.asimute.uha.fr\/de\/wp-content\/uploads\/2024\/05\/Asimute-logo-site2.png\",\"contentUrl\":\"https:\/\/www.asimute.uha.fr\/de\/wp-content\/uploads\/2024\/05\/Asimute-logo-site2.png\",\"width\":313,\"height\":100,\"caption\":\"ASIMUTE - Universit\u00e9 de Haute-Alsace\"},\"image\":{\"@id\":\"https:\/\/www.asimute.uha.fr\/de\/#\/schema\/logo\/image\/\"}}]}<\/script>\n<!-- \/ Yoast SEO plugin. -->","yoast_head_json":{"title":"Kommunikationskit - ASIMUTE - Universit\u00e9 de Haute-Alsace","robots":{"index":"index","follow":"follow","max-snippet":"max-snippet:-1","max-image-preview":"max-image-preview:large","max-video-preview":"max-video-preview:-1"},"canonical":"https:\/\/www.asimute.uha.fr\/de\/kommunikationskit\/","og_locale":"fr_FR","og_type":"article","og_title":"Kommunikationskit - ASIMUTE - Universit\u00e9 de Haute-Alsace","og_description":"Kommunikationskit Wie man \u00fcber das ASIMUTE-Projekt spricht Wenn Sie auf einfache Weise \u00fcber das ASIMUTE-Projekt berichten m\u00f6chten, laden Sie eines unserer Kommunikationspakete herunter. Sie enthalten alle Informationen, Leitlinien und Dateien, die Sie zum Schreiben eines Artikels ben\u00f6tigen. Download des digitalen Kits Download des Drucksets Research coordinatorProf. Djaffar Ould Abdeslam Linkedin IRIMAS \u2013 Institut de Recherche [&hellip;]","og_url":"https:\/\/www.asimute.uha.fr\/de\/kommunikationskit\/","og_site_name":"ASIMUTE - Universit\u00e9 de Haute-Alsace","article_modified_time":"2024-07-01T10:41:06+00:00","twitter_card":"summary_large_image","twitter_misc":{"Dur\u00e9e de lecture estim\u00e9e":"1 minute"},"schema":{"@context":"https:\/\/schema.org","@graph":[{"@type":"WebPage","@id":"https:\/\/www.asimute.uha.fr\/de\/kommunikationskit\/","url":"https:\/\/www.asimute.uha.fr\/de\/kommunikationskit\/","name":"Kommunikationskit - ASIMUTE - Universit\u00e9 de Haute-Alsace","isPartOf":{"@id":"https:\/\/www.asimute.uha.fr\/de\/#website"},"datePublished":"2024-07-01T10:26:47+00:00","dateModified":"2024-07-01T10:41:06+00:00","breadcrumb":{"@id":"https:\/\/www.asimute.uha.fr\/de\/kommunikationskit\/#breadcrumb"},"inLanguage":"fr-FR","potentialAction":[{"@type":"ReadAction","target":["https:\/\/www.asimute.uha.fr\/de\/kommunikationskit\/"]}]},{"@type":"BreadcrumbList","@id":"https:\/\/www.asimute.uha.fr\/de\/kommunikationskit\/#breadcrumb","itemListElement":[{"@type":"ListItem","position":1,"name":"Accueil","item":"https:\/\/www.asimute.uha.fr\/de\/"},{"@type":"ListItem","position":2,"name":"Kommunikationskit"}]},{"@type":"WebSite","@id":"https:\/\/www.asimute.uha.fr\/de\/#website","url":"https:\/\/www.asimute.uha.fr\/de\/","name":"ASIMUTE - Universit\u00e9 de Haute-Alsace","description":"","publisher":{"@id":"https:\/\/www.asimute.uha.fr\/de\/#organization"},"potentialAction":[{"@type":"SearchAction","target":{"@type":"EntryPoint","urlTemplate":"https:\/\/www.asimute.uha.fr\/de\/?s={search_term_string}"},"query-input":{"@type":"PropertyValueSpecification","valueRequired":true,"valueName":"search_term_string"}}],"inLanguage":"fr-FR"},{"@type":"Organization","@id":"https:\/\/www.asimute.uha.fr\/de\/#organization","name":"ASIMUTE - Universit\u00e9 de Haute-Alsace","url":"https:\/\/www.asimute.uha.fr\/de\/","logo":{"@type":"ImageObject","inLanguage":"fr-FR","@id":"https:\/\/www.asimute.uha.fr\/de\/#\/schema\/logo\/image\/","url":"https:\/\/www.asimute.uha.fr\/de\/wp-content\/uploads\/2024\/05\/Asimute-logo-site2.png","contentUrl":"https:\/\/www.asimute.uha.fr\/de\/wp-content\/uploads\/2024\/05\/Asimute-logo-site2.png","width":313,"height":100,"caption":"ASIMUTE - Universit\u00e9 de Haute-Alsace"},"image":{"@id":"https:\/\/www.asimute.uha.fr\/de\/#\/schema\/logo\/image\/"}}]}},"_links":{"self":[{"href":"https:\/\/www.asimute.uha.fr\/de\/wp-json\/wp\/v2\/pages\/1340","targetHints":{"allow":["GET"]}}],"collection":[{"href":"https:\/\/www.asimute.uha.fr\/de\/wp-json\/wp\/v2\/pages"}],"about":[{"href":"https:\/\/www.asimute.uha.fr\/de\/wp-json\/wp\/v2\/types\/page"}],"author":[{"embeddable":true,"href":"https:\/\/www.asimute.uha.fr\/de\/wp-json\/wp\/v2\/users\/3"}],"replies":[{"embeddable":true,"href":"https:\/\/www.asimute.uha.fr\/de\/wp-json\/wp\/v2\/comments?post=1340"}],"version-history":[{"count":7,"href":"https:\/\/www.asimute.uha.fr\/de\/wp-json\/wp\/v2\/pages\/1340\/revisions"}],"predecessor-version":[{"id":1348,"href":"https:\/\/www.asimute.uha.fr\/de\/wp-json\/wp\/v2\/pages\/1340\/revisions\/1348"}],"wp:attachment":[{"href":"https:\/\/www.asimute.uha.fr\/de\/wp-json\/wp\/v2\/media?parent=1340"}],"curies":[{"name":"wp","href":"https:\/\/api.w.org\/{rel}","templated":true}]}}