{"id":146,"date":"2024-05-24T08:39:40","date_gmt":"2024-05-24T06:39:40","guid":{"rendered":"https:\/\/www.asimute.uha.fr\/de\/?page_id=146"},"modified":"2024-06-13T11:35:45","modified_gmt":"2024-06-13T09:35:45","slug":"barrierefreiheit","status":"publish","type":"page","link":"https:\/\/www.asimute.uha.fr\/de\/barrierefreiheit\/","title":{"rendered":"Barrierefreiheit"},"content":{"rendered":"\t\t<div data-elementor-type=\"wp-page\" data-elementor-id=\"146\" class=\"elementor elementor-146\" data-elementor-post-type=\"page\">\n\t\t\t\t<div class=\"elementor-element elementor-element-d181935 e-flex e-con-boxed e-con e-parent\" data-id=\"d181935\" data-element_type=\"container\" data-e-type=\"container\">\n\t\t\t\t\t<div class=\"e-con-inner\">\n\t\t\t\t<div class=\"elementor-element elementor-element-a2e4204 elementor-widget elementor-widget-global elementor-global-53 elementor-widget-breadcrumbs\" data-id=\"a2e4204\" data-element_type=\"widget\" data-e-type=\"widget\" data-widget_type=\"breadcrumbs.default\">\n\t\t\t\t<div class=\"elementor-widget-container\">\n\t\t\t\t\t<p id=\"breadcrumbs\"><span><span><a href=\"https:\/\/www.asimute.uha.fr\/de\/\">Accueil<\/a><\/span><\/span><\/p>\t\t\t\t<\/div>\n\t\t\t\t<\/div>\n\t\t\t\t\t<\/div>\n\t\t\t\t<\/div>\n\t\t<div class=\"elementor-element elementor-element-08bca30 e-flex e-con-boxed e-con e-parent\" data-id=\"08bca30\" data-element_type=\"container\" data-e-type=\"container\">\n\t\t\t\t\t<div class=\"e-con-inner\">\n\t\t\t\t<div class=\"elementor-element elementor-element-c5a7f50 elementor-widget elementor-widget-heading\" data-id=\"c5a7f50\" data-element_type=\"widget\" data-e-type=\"widget\" data-widget_type=\"heading.default\">\n\t\t\t\t<div class=\"elementor-widget-container\">\n\t\t\t\t\t<h1 class=\"elementor-heading-title elementor-size-default\">Barrierefreiheit<\/h1>\t\t\t\t<\/div>\n\t\t\t\t<\/div>\n\t\t\t\t<div class=\"elementor-element elementor-element-c67a92f elementor-widget elementor-widget-heading\" data-id=\"c67a92f\" data-element_type=\"widget\" data-e-type=\"widget\" data-widget_type=\"heading.default\">\n\t\t\t\t<div class=\"elementor-widget-container\">\n\t\t\t\t\t<h2 class=\"elementor-heading-title elementor-size-default\">Was ist digitale Barrierefreiheit?<\/h2>\t\t\t\t<\/div>\n\t\t\t\t<\/div>\n\t\t\t\t<div class=\"elementor-element elementor-element-7b7df73 elementor-widget elementor-widget-text-editor\" data-id=\"7b7df73\" data-element_type=\"widget\" data-e-type=\"widget\" data-widget_type=\"text-editor.default\">\n\t\t\t\t<div class=\"elementor-widget-container\">\n\t\t\t\t\t\t\t\t\t<p>Laut Tim Berners-Lee (Direktor des <a href=\"https:\/\/www.w3.org\/\" rel=\"noopener noreferrer;\">W3C<\/a> und Erfinder des World Wide Web) bedeutet Barrierefreiheit, das Web und seine Dienste allen Menschen zur Verf\u00fcgung zu stellen, unabh\u00e4ngig von ihrer Hardware oder Software, ihrer Netzwerkinfrastruktur, ihrer Muttersprache, ihrer Kultur, ihrem geografischen Standort oder ihren k\u00f6rperlichen oder geistigen F\u00e4higkeiten.<\/p><p>Eine Website ist \u00ab\u00a0barrierefrei\u00a0\u00bb, wenn jede Person mithilfe eines Browsers und\/oder eines Hilfsmittels problemlos auf ihr navigieren kann.<\/p>\t\t\t\t\t\t\t\t<\/div>\n\t\t\t\t<\/div>\n\t\t\t\t<div class=\"elementor-element elementor-element-3dd315d elementor-widget elementor-widget-heading\" data-id=\"3dd315d\" data-element_type=\"widget\" data-e-type=\"widget\" data-widget_type=\"heading.default\">\n\t\t\t\t<div class=\"elementor-widget-container\">\n\t\t\t\t\t<h2 class=\"elementor-heading-title elementor-size-default\">Einhaltung von Standards<\/h2>\t\t\t\t<\/div>\n\t\t\t\t<\/div>\n\t\t\t\t<div class=\"elementor-element elementor-element-212b708 elementor-widget elementor-widget-text-editor\" data-id=\"212b708\" data-element_type=\"widget\" data-e-type=\"widget\" data-widget_type=\"text-editor.default\">\n\t\t\t\t<div class=\"elementor-widget-container\">\n\t\t\t\t\t\t\t\t\t<p>Der HTML-Code entspricht der HTML5-Spezifikation. Er wird mithilfe des HTML-Validators des W3C getestet.<\/p><p>Sollten trotz unserer Bem\u00fchungen Fehler aufgrund von Validierungen festgestellt werden, bitten wir Sie, uns diese mitzuteilen.<\/p>\t\t\t\t\t\t\t\t<\/div>\n\t\t\t\t<\/div>\n\t\t\t\t<div class=\"elementor-element elementor-element-f282daf elementor-widget elementor-widget-heading\" data-id=\"f282daf\" data-element_type=\"widget\" data-e-type=\"widget\" data-widget_type=\"heading.default\">\n\t\t\t\t<div class=\"elementor-widget-container\">\n\t\t\t\t\t<h2 class=\"elementor-heading-title elementor-size-default\">Aufbau und Gestaltung<\/h2>\t\t\t\t<\/div>\n\t\t\t\t<\/div>\n\t\t\t\t<div class=\"elementor-element elementor-element-8817857 elementor-widget elementor-widget-text-editor\" data-id=\"8817857\" data-element_type=\"widget\" data-e-type=\"widget\" data-widget_type=\"text-editor.default\">\n\t\t\t\t<div class=\"elementor-widget-container\">\n\t\t\t\t\t\t\t\t\t<p>Die Formatierung der Website ist durch die Verwendung von Stylesheets von ihrem Inhalt getrennt. Die Verwendung von CSS-Positionierungseigenschaften, die Layout und Inhalt vollst\u00e4ndig voneinander trennen, erm\u00f6glicht es, dass die Dokumente au\u00dferhalb von CSS eine koh\u00e4rente Reihenfolge beibehalten: Titel, Men\u00fcs, Inhalt usw.<\/p>\t\t\t\t\t\t\t\t<\/div>\n\t\t\t\t<\/div>\n\t\t\t\t<div class=\"elementor-element elementor-element-19eb4f8 elementor-widget elementor-widget-heading\" data-id=\"19eb4f8\" data-element_type=\"widget\" data-e-type=\"widget\" data-widget_type=\"heading.default\">\n\t\t\t\t<div class=\"elementor-widget-container\">\n\t\t\t\t\t<h2 class=\"elementor-heading-title elementor-size-default\">Breadcrumb<\/h2>\t\t\t\t<\/div>\n\t\t\t\t<\/div>\n\t\t\t\t<div class=\"elementor-element elementor-element-d5f594e elementor-widget elementor-widget-text-editor\" data-id=\"d5f594e\" data-element_type=\"widget\" data-e-type=\"widget\" data-widget_type=\"text-editor.default\">\n\t\t\t\t<div class=\"elementor-widget-container\">\n\t\t\t\t\t\t\t\t\t<p>Die Breadcrumb zeigt Ihnen den Navigationspfad, den Sie genommen haben, indem Sie die auf dem Bildschirm angezeigte Seite lokalisieren, und erm\u00f6glicht es Ihnen, in der Baumstruktur zur\u00fcckzugehen.<\/p>\t\t\t\t\t\t\t\t<\/div>\n\t\t\t\t<\/div>\n\t\t\t\t<div class=\"elementor-element elementor-element-6f067a0 elementor-widget elementor-widget-heading\" data-id=\"6f067a0\" data-element_type=\"widget\" data-e-type=\"widget\" data-widget_type=\"heading.default\">\n\t\t\t\t<div class=\"elementor-widget-container\">\n\t\t\t\t\t<h2 class=\"elementor-heading-title elementor-size-default\">Anpassen der Text- oder Seitengr\u00f6\u00dfe<\/h2>\t\t\t\t<\/div>\n\t\t\t\t<\/div>\n\t\t\t\t<div class=\"elementor-element elementor-element-050a52c elementor-widget elementor-widget-text-editor\" data-id=\"050a52c\" data-element_type=\"widget\" data-e-type=\"widget\" data-widget_type=\"text-editor.default\">\n\t\t\t\t<div class=\"elementor-widget-container\">\n\t\t\t\t\t\t\t\t\t<p>Um den Nutzern die M\u00f6glichkeit zu geben, das Layout der Website und insbesondere die Gr\u00f6\u00dfe der angezeigten Zeichen zu \u00e4ndern, basiert das Seitenlayout auf der Verwendung relativer Einheiten. So kann die Gr\u00f6\u00dfe des Textes und\/oder der Seite vergr\u00f6\u00dfert werden:<\/p><ul><li>Bei den meisten Browsern: Strg + Mausrad.<\/li><li>oder Strg+, um die Schriftgr\u00f6\u00dfe zu vergr\u00f6\u00dfern, und Strg-, um sie zu verkleinern.<\/li><\/ul><p>Bei Versionen vor Internet Explorer 7: Gehen Sie in der Men\u00fcleiste oben im Browser auf Ansicht&gt; Textgr\u00f6\u00dfe und w\u00e4hlen Sie die gew\u00fcnschte Gr\u00f6\u00dfe.<\/p>\t\t\t\t\t\t\t\t<\/div>\n\t\t\t\t<\/div>\n\t\t\t\t<div class=\"elementor-element elementor-element-a26cba4 elementor-widget elementor-widget-heading\" data-id=\"a26cba4\" data-element_type=\"widget\" data-e-type=\"widget\" data-widget_type=\"heading.default\">\n\t\t\t\t<div class=\"elementor-widget-container\">\n\t\t\t\t\t<h2 class=\"elementor-heading-title elementor-size-default\">Druckbare Version<\/h2>\t\t\t\t<\/div>\n\t\t\t\t<\/div>\n\t\t\t\t<div class=\"elementor-element elementor-element-fc84234 elementor-widget elementor-widget-text-editor\" data-id=\"fc84234\" data-element_type=\"widget\" data-e-type=\"widget\" data-widget_type=\"text-editor.default\">\n\t\t\t\t<div class=\"elementor-widget-container\">\n\t\t\t\t\t\t\t\t\t<p>Die Funktion \u00ab\u00a0Drucken\u00a0\u00bb finden Sie ebenfalls bei allen Browsern: in der Men\u00fcleiste oben im Browser auf Datei &gt; Drucken.<\/p><p>Beim Drucken einer Seite werden alle Navigationselemente der Website ausgeblendet, sodass Sie nur den n\u00fctzlichen Inhalt Ihrer Informationen ausdrucken k\u00f6nnen. Bitte bedenken Sie Ihre Umweltverantwortung, bevor Sie drucken.<\/p>\t\t\t\t\t\t\t\t<\/div>\n\t\t\t\t<\/div>\n\t\t\t\t<div class=\"elementor-element elementor-element-fdb607c elementor-widget elementor-widget-heading\" data-id=\"fdb607c\" data-element_type=\"widget\" data-e-type=\"widget\" data-widget_type=\"heading.default\">\n\t\t\t\t<div class=\"elementor-widget-container\">\n\t\t\t\t\t<h2 class=\"elementor-heading-title elementor-size-default\">F\u00fcgen Sie diese Seite zu Ihren \"Favoriten\" hinzu<\/h2>\t\t\t\t<\/div>\n\t\t\t\t<\/div>\n\t\t\t\t<div class=\"elementor-element elementor-element-275d15d elementor-widget elementor-widget-text-editor\" data-id=\"275d15d\" data-element_type=\"widget\" data-e-type=\"widget\" data-widget_type=\"text-editor.default\">\n\t\t\t\t<div class=\"elementor-widget-container\">\n\t\t\t\t\t\t\t\t\t<p>In der Men\u00fcleiste am oberen Rand des Browsers:<\/p><ul><li>unter Internet Explorer: Favoriten &gt; Zu Favoriten hinzuf\u00fcgen<\/li><li>unter Mozilla Firefox: Lesezeichen &gt; Diese Seite markieren<\/li><li>unter Safari: Lesezeichen &gt; Zu Lesezeichen hinzuf\u00fcgen<\/li><li>unter Opera: Lesezeichen &gt; Lesezeichen zu dieser Seite.<\/li><\/ul><p>Sie haben Schwierigkeiten, diese Seite zu besuchen: Wir freuen uns, wenn Sie uns dies mitteilen.<\/p>\t\t\t\t\t\t\t\t<\/div>\n\t\t\t\t<\/div>\n\t\t\t\t<div class=\"elementor-element elementor-element-16f4dc2 elementor-widget elementor-widget-heading\" data-id=\"16f4dc2\" data-element_type=\"widget\" data-e-type=\"widget\" data-widget_type=\"heading.default\">\n\t\t\t\t<div class=\"elementor-widget-container\">\n\t\t\t\t\t<h2 class=\"elementor-heading-title elementor-size-default\">Was Sie wissen sollten<\/h2>\t\t\t\t<\/div>\n\t\t\t\t<\/div>\n\t\t\t\t<div class=\"elementor-element elementor-element-e018690 elementor-widget elementor-widget-text-editor\" data-id=\"e018690\" data-element_type=\"widget\" data-e-type=\"widget\" data-widget_type=\"text-editor.default\">\n\t\t\t\t<div class=\"elementor-widget-container\">\n\t\t\t\t\t\t\t\t\t<p>Die Logos in der Kopf- und Fu\u00dfzeile der Website f\u00fchren Sie durch einen einfachen Klick auf die entsprechenden Websites:<\/p><ul><li>Das ASIMUTE-Logo leitet Sie auf die Startseite der Website weiter<\/li><li>Das Logo der UHA bringt Sie auf die Website der Universit\u00e4t<\/li><li>Das Interreg-Logo bringt Sie auf die Website der Europ\u00e4ischen Region.<\/li><\/ul>\t\t\t\t\t\t\t\t<\/div>\n\t\t\t\t<\/div>\n\t\t\t\t\t<\/div>\n\t\t\t\t<\/div>\n\t\t\t\t<\/div>\n\t\t","protected":false},"excerpt":{"rendered":"<p>Barrierefreiheit Was ist digitale Barrierefreiheit? Laut Tim Berners-Lee (Direktor des W3C und Erfinder des World Wide Web) bedeutet Barrierefreiheit, das Web und seine Dienste allen Menschen zur Verf\u00fcgung zu stellen, unabh\u00e4ngig von ihrer Hardware oder Software, ihrer Netzwerkinfrastruktur, ihrer Muttersprache, ihrer Kultur, ihrem geografischen Standort oder ihren k\u00f6rperlichen oder geistigen F\u00e4higkeiten. Eine Website ist \u00ab\u00a0barrierefrei\u00a0\u00bb, [&hellip;]<\/p>\n","protected":false},"author":3,"featured_media":0,"parent":0,"menu_order":0,"comment_status":"open","ping_status":"closed","template":"","meta":{"_acf_changed":false,"footnotes":""},"class_list":["post-146","page","type-page","status-publish","hentry"],"acf":[],"yoast_head":"<!-- This site is optimized with the Yoast SEO plugin v27.0 - https:\/\/yoast.com\/product\/yoast-seo-wordpress\/ -->\n<title>Barrierefreiheit - ASIMUTE - Universit\u00e9 de Haute-Alsace<\/title>\n<meta name=\"robots\" content=\"index, follow, max-snippet:-1, max-image-preview:large, max-video-preview:-1\" \/>\n<link rel=\"canonical\" href=\"https:\/\/www.asimute.uha.fr\/de\/barrierefreiheit\/\" \/>\n<meta property=\"og:locale\" content=\"fr_FR\" \/>\n<meta property=\"og:type\" content=\"article\" \/>\n<meta property=\"og:title\" content=\"Barrierefreiheit - ASIMUTE - Universit\u00e9 de Haute-Alsace\" \/>\n<meta property=\"og:description\" content=\"Barrierefreiheit Was ist digitale Barrierefreiheit? Laut Tim Berners-Lee (Direktor des W3C und Erfinder des World Wide Web) bedeutet Barrierefreiheit, das Web und seine Dienste allen Menschen zur Verf\u00fcgung zu stellen, unabh\u00e4ngig von ihrer Hardware oder Software, ihrer Netzwerkinfrastruktur, ihrer Muttersprache, ihrer Kultur, ihrem geografischen Standort oder ihren k\u00f6rperlichen oder geistigen F\u00e4higkeiten. Eine Website ist \u00ab\u00a0barrierefrei\u00a0\u00bb, [&hellip;]\" \/>\n<meta property=\"og:url\" content=\"https:\/\/www.asimute.uha.fr\/de\/barrierefreiheit\/\" \/>\n<meta property=\"og:site_name\" content=\"ASIMUTE - Universit\u00e9 de Haute-Alsace\" \/>\n<meta property=\"article:modified_time\" content=\"2024-06-13T09:35:45+00:00\" \/>\n<meta name=\"twitter:card\" content=\"summary_large_image\" \/>\n<meta name=\"twitter:label1\" content=\"Dur\u00e9e de lecture estim\u00e9e\" \/>\n\t<meta name=\"twitter:data1\" content=\"3 minutes\" \/>\n<script type=\"application\/ld+json\" class=\"yoast-schema-graph\">{\"@context\":\"https:\/\/schema.org\",\"@graph\":[{\"@type\":\"WebPage\",\"@id\":\"https:\/\/www.asimute.uha.fr\/de\/barrierefreiheit\/\",\"url\":\"https:\/\/www.asimute.uha.fr\/de\/barrierefreiheit\/\",\"name\":\"Barrierefreiheit - ASIMUTE - Universit\u00e9 de Haute-Alsace\",\"isPartOf\":{\"@id\":\"https:\/\/www.asimute.uha.fr\/de\/#website\"},\"datePublished\":\"2024-05-24T06:39:40+00:00\",\"dateModified\":\"2024-06-13T09:35:45+00:00\",\"breadcrumb\":{\"@id\":\"https:\/\/www.asimute.uha.fr\/de\/barrierefreiheit\/#breadcrumb\"},\"inLanguage\":\"fr-FR\",\"potentialAction\":[{\"@type\":\"ReadAction\",\"target\":[\"https:\/\/www.asimute.uha.fr\/de\/barrierefreiheit\/\"]}]},{\"@type\":\"BreadcrumbList\",\"@id\":\"https:\/\/www.asimute.uha.fr\/de\/barrierefreiheit\/#breadcrumb\",\"itemListElement\":[{\"@type\":\"ListItem\",\"position\":1,\"name\":\"Accueil\",\"item\":\"https:\/\/www.asimute.uha.fr\/de\/\"},{\"@type\":\"ListItem\",\"position\":2,\"name\":\"Barrierefreiheit\"}]},{\"@type\":\"WebSite\",\"@id\":\"https:\/\/www.asimute.uha.fr\/de\/#website\",\"url\":\"https:\/\/www.asimute.uha.fr\/de\/\",\"name\":\"ASIMUTE - Universit\u00e9 de Haute-Alsace\",\"description\":\"\",\"publisher\":{\"@id\":\"https:\/\/www.asimute.uha.fr\/de\/#organization\"},\"potentialAction\":[{\"@type\":\"SearchAction\",\"target\":{\"@type\":\"EntryPoint\",\"urlTemplate\":\"https:\/\/www.asimute.uha.fr\/de\/?s={search_term_string}\"},\"query-input\":{\"@type\":\"PropertyValueSpecification\",\"valueRequired\":true,\"valueName\":\"search_term_string\"}}],\"inLanguage\":\"fr-FR\"},{\"@type\":\"Organization\",\"@id\":\"https:\/\/www.asimute.uha.fr\/de\/#organization\",\"name\":\"ASIMUTE - Universit\u00e9 de Haute-Alsace\",\"url\":\"https:\/\/www.asimute.uha.fr\/de\/\",\"logo\":{\"@type\":\"ImageObject\",\"inLanguage\":\"fr-FR\",\"@id\":\"https:\/\/www.asimute.uha.fr\/de\/#\/schema\/logo\/image\/\",\"url\":\"https:\/\/www.asimute.uha.fr\/de\/wp-content\/uploads\/2024\/05\/Asimute-logo-site2.png\",\"contentUrl\":\"https:\/\/www.asimute.uha.fr\/de\/wp-content\/uploads\/2024\/05\/Asimute-logo-site2.png\",\"width\":313,\"height\":100,\"caption\":\"ASIMUTE - Universit\u00e9 de Haute-Alsace\"},\"image\":{\"@id\":\"https:\/\/www.asimute.uha.fr\/de\/#\/schema\/logo\/image\/\"}}]}<\/script>\n<!-- \/ Yoast SEO plugin. -->","yoast_head_json":{"title":"Barrierefreiheit - ASIMUTE - Universit\u00e9 de Haute-Alsace","robots":{"index":"index","follow":"follow","max-snippet":"max-snippet:-1","max-image-preview":"max-image-preview:large","max-video-preview":"max-video-preview:-1"},"canonical":"https:\/\/www.asimute.uha.fr\/de\/barrierefreiheit\/","og_locale":"fr_FR","og_type":"article","og_title":"Barrierefreiheit - ASIMUTE - Universit\u00e9 de Haute-Alsace","og_description":"Barrierefreiheit Was ist digitale Barrierefreiheit? Laut Tim Berners-Lee (Direktor des W3C und Erfinder des World Wide Web) bedeutet Barrierefreiheit, das Web und seine Dienste allen Menschen zur Verf\u00fcgung zu stellen, unabh\u00e4ngig von ihrer Hardware oder Software, ihrer Netzwerkinfrastruktur, ihrer Muttersprache, ihrer Kultur, ihrem geografischen Standort oder ihren k\u00f6rperlichen oder geistigen F\u00e4higkeiten. Eine Website ist \u00ab\u00a0barrierefrei\u00a0\u00bb, [&hellip;]","og_url":"https:\/\/www.asimute.uha.fr\/de\/barrierefreiheit\/","og_site_name":"ASIMUTE - Universit\u00e9 de Haute-Alsace","article_modified_time":"2024-06-13T09:35:45+00:00","twitter_card":"summary_large_image","twitter_misc":{"Dur\u00e9e de lecture estim\u00e9e":"3 minutes"},"schema":{"@context":"https:\/\/schema.org","@graph":[{"@type":"WebPage","@id":"https:\/\/www.asimute.uha.fr\/de\/barrierefreiheit\/","url":"https:\/\/www.asimute.uha.fr\/de\/barrierefreiheit\/","name":"Barrierefreiheit - ASIMUTE - Universit\u00e9 de Haute-Alsace","isPartOf":{"@id":"https:\/\/www.asimute.uha.fr\/de\/#website"},"datePublished":"2024-05-24T06:39:40+00:00","dateModified":"2024-06-13T09:35:45+00:00","breadcrumb":{"@id":"https:\/\/www.asimute.uha.fr\/de\/barrierefreiheit\/#breadcrumb"},"inLanguage":"fr-FR","potentialAction":[{"@type":"ReadAction","target":["https:\/\/www.asimute.uha.fr\/de\/barrierefreiheit\/"]}]},{"@type":"BreadcrumbList","@id":"https:\/\/www.asimute.uha.fr\/de\/barrierefreiheit\/#breadcrumb","itemListElement":[{"@type":"ListItem","position":1,"name":"Accueil","item":"https:\/\/www.asimute.uha.fr\/de\/"},{"@type":"ListItem","position":2,"name":"Barrierefreiheit"}]},{"@type":"WebSite","@id":"https:\/\/www.asimute.uha.fr\/de\/#website","url":"https:\/\/www.asimute.uha.fr\/de\/","name":"ASIMUTE - Universit\u00e9 de Haute-Alsace","description":"","publisher":{"@id":"https:\/\/www.asimute.uha.fr\/de\/#organization"},"potentialAction":[{"@type":"SearchAction","target":{"@type":"EntryPoint","urlTemplate":"https:\/\/www.asimute.uha.fr\/de\/?s={search_term_string}"},"query-input":{"@type":"PropertyValueSpecification","valueRequired":true,"valueName":"search_term_string"}}],"inLanguage":"fr-FR"},{"@type":"Organization","@id":"https:\/\/www.asimute.uha.fr\/de\/#organization","name":"ASIMUTE - Universit\u00e9 de Haute-Alsace","url":"https:\/\/www.asimute.uha.fr\/de\/","logo":{"@type":"ImageObject","inLanguage":"fr-FR","@id":"https:\/\/www.asimute.uha.fr\/de\/#\/schema\/logo\/image\/","url":"https:\/\/www.asimute.uha.fr\/de\/wp-content\/uploads\/2024\/05\/Asimute-logo-site2.png","contentUrl":"https:\/\/www.asimute.uha.fr\/de\/wp-content\/uploads\/2024\/05\/Asimute-logo-site2.png","width":313,"height":100,"caption":"ASIMUTE - Universit\u00e9 de Haute-Alsace"},"image":{"@id":"https:\/\/www.asimute.uha.fr\/de\/#\/schema\/logo\/image\/"}}]}},"_links":{"self":[{"href":"https:\/\/www.asimute.uha.fr\/de\/wp-json\/wp\/v2\/pages\/146","targetHints":{"allow":["GET"]}}],"collection":[{"href":"https:\/\/www.asimute.uha.fr\/de\/wp-json\/wp\/v2\/pages"}],"about":[{"href":"https:\/\/www.asimute.uha.fr\/de\/wp-json\/wp\/v2\/types\/page"}],"author":[{"embeddable":true,"href":"https:\/\/www.asimute.uha.fr\/de\/wp-json\/wp\/v2\/users\/3"}],"replies":[{"embeddable":true,"href":"https:\/\/www.asimute.uha.fr\/de\/wp-json\/wp\/v2\/comments?post=146"}],"version-history":[{"count":16,"href":"https:\/\/www.asimute.uha.fr\/de\/wp-json\/wp\/v2\/pages\/146\/revisions"}],"predecessor-version":[{"id":1203,"href":"https:\/\/www.asimute.uha.fr\/de\/wp-json\/wp\/v2\/pages\/146\/revisions\/1203"}],"wp:attachment":[{"href":"https:\/\/www.asimute.uha.fr\/de\/wp-json\/wp\/v2\/media?parent=146"}],"curies":[{"name":"wp","href":"https:\/\/api.w.org\/{rel}","templated":true}]}}