{"id":151,"date":"2024-05-24T08:43:17","date_gmt":"2024-05-24T06:43:17","guid":{"rendered":"https:\/\/www.asimute.uha.fr\/de\/?page_id=151"},"modified":"2024-06-13T11:36:10","modified_gmt":"2024-06-13T09:36:10","slug":"datenschutzhinweis","status":"publish","type":"page","link":"https:\/\/www.asimute.uha.fr\/de\/datenschutzhinweis\/","title":{"rendered":"Datenschutzhinweis"},"content":{"rendered":"\t\t<div data-elementor-type=\"wp-page\" data-elementor-id=\"151\" class=\"elementor elementor-151\" data-elementor-post-type=\"page\">\n\t\t\t\t<div class=\"elementor-element elementor-element-e4f50ff e-flex e-con-boxed e-con e-parent\" data-id=\"e4f50ff\" data-element_type=\"container\" data-e-type=\"container\">\n\t\t\t\t\t<div class=\"e-con-inner\">\n\t\t\t\t<div class=\"elementor-element elementor-element-7a74b00 elementor-widget elementor-widget-global elementor-global-53 elementor-widget-breadcrumbs\" data-id=\"7a74b00\" data-element_type=\"widget\" data-e-type=\"widget\" data-widget_type=\"breadcrumbs.default\">\n\t\t\t\t<div class=\"elementor-widget-container\">\n\t\t\t\t\t<p id=\"breadcrumbs\"><span><span><a href=\"https:\/\/www.asimute.uha.fr\/de\/\">Accueil<\/a><\/span><\/span><\/p>\t\t\t\t<\/div>\n\t\t\t\t<\/div>\n\t\t\t\t\t<\/div>\n\t\t\t\t<\/div>\n\t\t<div class=\"elementor-element elementor-element-892d2da e-flex e-con-boxed e-con e-parent\" data-id=\"892d2da\" data-element_type=\"container\" data-e-type=\"container\">\n\t\t\t\t\t<div class=\"e-con-inner\">\n\t\t\t\t<div class=\"elementor-element elementor-element-feb6c72 elementor-widget elementor-widget-heading\" data-id=\"feb6c72\" data-element_type=\"widget\" data-e-type=\"widget\" data-widget_type=\"heading.default\">\n\t\t\t\t<div class=\"elementor-widget-container\">\n\t\t\t\t\t<h1 class=\"elementor-heading-title elementor-size-default\">Datenschutzhinweis<\/h1>\t\t\t\t<\/div>\n\t\t\t\t<\/div>\n\t\t\t\t<div class=\"elementor-element elementor-element-9d4eb59 elementor-widget elementor-widget-heading\" data-id=\"9d4eb59\" data-element_type=\"widget\" data-e-type=\"widget\" data-widget_type=\"heading.default\">\n\t\t\t\t<div class=\"elementor-widget-container\">\n\t\t\t\t\t<h2 class=\"elementor-heading-title elementor-size-default\">Die digitalen Daten<\/h2>\t\t\t\t<\/div>\n\t\t\t\t<\/div>\n\t\t\t\t<div class=\"elementor-element elementor-element-4d11323 elementor-widget elementor-widget-text-editor\" data-id=\"4d11323\" data-element_type=\"widget\" data-e-type=\"widget\" data-widget_type=\"text-editor.default\">\n\t\t\t\t<div class=\"elementor-widget-container\">\n\t\t\t\t\t\t\t\t\t<p>Im Rahmen ihrer Aktivit\u00e4ten und zur Gew\u00e4hrleistung ihres reibungslosen Ablaufs ist die Universit\u00e9 de Haute-Alsace gezwungen, personenbezogene Daten \u00fcber Studierende, Personal und jede andere Person, mit der sie in Beziehung steht (Partner, Dienstleister, Leser der Bibliotheken&#8230;), zu sammeln und zu verarbeiten.<\/p><p>So kann die Universit\u00e9 de Haute-Alsace Ihre personenbezogenen Daten insbesondere dann erfassen, wenn:<\/p><div class=\"su-list\"><ul><li>Sie auf der Website www.asimute.uha.fr surfen,<\/li><li>Sie ein Formular auf unserer Website ausf\u00fcllen,<\/li><li>oder Sie sich beispielsweise mit uns in Verbindung setzen.<\/li><\/ul><\/div><p>Diese Daten werden verwendet, um Ihre Anfragen zu beantworten, Sie \u00fcber Neuigkeiten der Universit\u00e9 de Haute-Alsace zu informieren oder die von Ihnen ausgef\u00fcllten Formulare zu bearbeiten.<\/p><p>Die <a href=\"https:\/\/www.cnil.fr\/fr\/reglement-europeen-protection-donnees\" target=\"_blank\" rel=\"noopener\">Allgemeine Datenschutzverordnung (DSGVO)<\/a>, die 2016 verabschiedet wurde und seit dem 25. Mai 2018 in jedem Mitgliedsland der Europ\u00e4ischen Union gilt, st\u00e4rkt <a href=\"https:\/\/www.cnil.fr\/fr\/la-loi-informatique-et-libertes\" target=\"_blank\" rel=\"noopener\">das franz\u00f6sische Gesetz \u00fcber Informatik und Freiheiten vom 6. Januar 1978\u00a0<\/a>in seiner ge\u00e4nderten Fassung.<\/p><p>Die Universit\u00e9 de Haute-Alsace hat einen Datenschutzbeauftragten (DPD oder DPO) ernannt. Er hat die Aufgabe, das Personal und die Studierenden der UHA bei der Einhaltung der Vorschriften zum Schutz personenbezogener Daten zu unterst\u00fctzen: Verarbeitung und freier Verkehr dieser Daten.<\/p>\t\t\t\t\t\t\t\t<\/div>\n\t\t\t\t<\/div>\n\t\t\t\t<div class=\"elementor-element elementor-element-46ff6fa elementor-widget elementor-widget-heading\" data-id=\"46ff6fa\" data-element_type=\"widget\" data-e-type=\"widget\" data-widget_type=\"heading.default\">\n\t\t\t\t<div class=\"elementor-widget-container\">\n\t\t\t\t\t<h2 class=\"elementor-heading-title elementor-size-default\">Sammeln von Daten<\/h2>\t\t\t\t<\/div>\n\t\t\t\t<\/div>\n\t\t\t\t<div class=\"elementor-element elementor-element-d5b0d90 elementor-widget elementor-widget-text-editor\" data-id=\"d5b0d90\" data-element_type=\"widget\" data-e-type=\"widget\" data-widget_type=\"text-editor.default\">\n\t\t\t\t<div class=\"elementor-widget-container\">\n\t\t\t\t\t\t\t\t\t<p>Das Personal und die Studierenden der Universit\u00e9 de Haute-Alsace, die personenbezogene Daten sammeln m\u00fcssen, sind daf\u00fcr verantwortlich, bereits bei der Konzeption eines Projekts zur Verarbeitung personenbezogener Daten die Einhaltung der geltenden Vorschriften zu gew\u00e4hrleisten. Dazu m\u00fcssen sie die Konformit\u00e4t der Verarbeitung mit dem franz\u00f6sischen Gesetz und der europ\u00e4ischen Verordnung nachweisen.<\/p><p>Der Datenschutzbeauftragte wird von all diesen Personen um Hilfe gebeten, und sie erstellen gemeinsam einen Meldebogen, um den Prozess der Einhaltung der Vorschriften einzuleiten. Diese Datenverarbeitungen werden im Register der Datenverarbeitungen der Universit\u00e4t festgehalten, f\u00fcr das der Pr\u00e4sident verantwortlich ist. Dieses hat zum Ziel, die Verarbeitungen zu erfassen, die sowohl im Rahmen der Verwaltungsverwaltung als auch der Forschung und der Ausbildung eingerichtet wurden.<\/p><p>Die gesammelten Daten beschr\u00e4nken sich auf das absolut Notwendige und werden ausschlie\u00dflich im Rahmen der bei der Erhebung angegebenen Zwecke (in den Formularen, Online-Diensten usw.) verarbeitet. Die UHA garantiert die Sicherheit, Integrit\u00e4t und Vertraulichkeit der gesammelten Daten. Sie werden nur so lange aufbewahrt, wie es f\u00fcr ihre Verarbeitung erforderlich ist, und werden weder abgetreten noch an Dritte weitergegeben oder zu anderen Zwecken verwendet. Die Universit\u00e9 de Haute-Alsace vermarktet keine Kontaktdateien.<\/p><p>Die im Rahmen der Formulare und Mailinglisten (insbesondere Kontaktformulare) auf dieser Website gesammelten Informationen (Kontaktdaten, E-Mail-Adresse) werden nur f\u00fcr den Versand spezifischer Informationen verwendet, denen Sie freiwillig zugestimmt haben. Sie k\u00f6nnen Ihre Rechte jederzeit aus\u00fcben.<\/p>\t\t\t\t\t\t\t\t<\/div>\n\t\t\t\t<\/div>\n\t\t\t\t<div class=\"elementor-element elementor-element-e3e989f elementor-widget elementor-widget-heading\" data-id=\"e3e989f\" data-element_type=\"widget\" data-e-type=\"widget\" data-widget_type=\"heading.default\">\n\t\t\t\t<div class=\"elementor-widget-container\">\n\t\t\t\t\t<h2 class=\"elementor-heading-title elementor-size-default\">Aus\u00fcbung ihrer Rechte<\/h2>\t\t\t\t<\/div>\n\t\t\t\t<\/div>\n\t\t\t\t<div class=\"elementor-element elementor-element-9294220 elementor-widget elementor-widget-text-editor\" data-id=\"9294220\" data-element_type=\"widget\" data-e-type=\"widget\" data-widget_type=\"text-editor.default\">\n\t\t\t\t<div class=\"elementor-widget-container\">\n\t\t\t\t\t\t\t\t\t<p>Sie haben ein Recht auf Information, Zugang, \u00c4nderung, Berichtigung und L\u00f6schung der Sie betreffenden Daten sowie ein Recht auf Einschr\u00e4nkung der Verarbeitung, auf Daten\u00fcbertragbarkeit, ein Widerspruchsrecht und das Recht, Ihre Einwilligung f\u00fcr k\u00fcnftige Verarbeitungen zur\u00fcckzuziehen.<\/p><p><a class=\"su-button su-button-style-flat\" href=\"https:\/\/www.cnil.fr\/fr\/reglement-europeen-protection-donnees\/chapitre3\" target=\"_self\">Erfahren Sie mehr \u00fcber die Rechte<\/a><\/p><p>Personen, deren Daten von der Universit\u00e4t verarbeitet werden, insbesondere Studierende, Mitarbeiter (BIATSS und Lehrkr\u00e4fte und Forscher) oder auch Ferienarbeiter, k\u00f6nnen ihre Rechte bei den Kontakten, die zum Zeitpunkt der Erhebung ihrer Daten in den Informationsvermerken angegeben sind, oder beim Datenschutzbeauftragten geltend machen. Der Antrag auf Aus\u00fcbung der Rechte muss den Grund f\u00fcr den Antrag und die Kontaktdaten des Antragstellers enthalten.<\/p><p>Datenschutzbeauftragter: Mathieu Abboud<br \/>Email: <a href=\"mailto:dpd@uha.fr\">dpd@uha.fr<\/a> | <a href=\"mailto:mathieu.abboud@uha.fr\">mathieu.abboud@uha.fr<\/a><br \/>Postanschrift: Maison de l\u2019Universit\u00e9 (Campus Illberg)<br \/>2, Rue des Fr\u00e8res Lumi\u00e8re, Mulhouse<\/p><p>Projekt ASIMUTE \u2013 Universit\u00e9 de Haute-Alsace<br \/>Email: <a href=\"mailto:asimute.irimas@uha.fr\">asimute.irimas@uha.fr<\/a><br \/>Postanschrift: IRIMAS \u2013 Institut de Recherche en Informatique, Math\u00e9matiques, Automatique et Signal<br \/>61, Rue Albert Camus<br \/>F-68093 Mulhouse Cedex<\/p><p>Wenn Sie, nachdem Sie uns kontaktiert haben, der Meinung sind, dass Ihre Rechte nicht respektiert werden oder dass die von der UHA eingerichteten Vorkehrungen nicht den Datenschutzbestimmungen entsprechen, k\u00f6nnen Sie online oder auf dem Postweg eine Beschwerde bei der Commission Nationale de l&rsquo;Informatique et des Libert\u00e9s (<a href=\"https:\/\/www.cnil.fr\/\" target=\"_blank\" rel=\"noopener\">CNIL<\/a>) einreichen.<\/p>\t\t\t\t\t\t\t\t<\/div>\n\t\t\t\t<\/div>\n\t\t\t\t<div class=\"elementor-element elementor-element-abd327a elementor-widget elementor-widget-heading\" data-id=\"abd327a\" data-element_type=\"widget\" data-e-type=\"widget\" data-widget_type=\"heading.default\">\n\t\t\t\t<div class=\"elementor-widget-container\">\n\t\t\t\t\t<h2 class=\"elementor-heading-title elementor-size-default\">Verwendung von Cookies<\/h2>\t\t\t\t<\/div>\n\t\t\t\t<\/div>\n\t\t\t\t<div class=\"elementor-element elementor-element-181c6ac elementor-widget elementor-widget-text-editor\" data-id=\"181c6ac\" data-element_type=\"widget\" data-e-type=\"widget\" data-widget_type=\"text-editor.default\">\n\t\t\t\t<div class=\"elementor-widget-container\">\n\t\t\t\t\t\t\t\t\t<p>Ein Cookie ist eine Textdatei, die bei Ihrem Besuch auf einer Website auf Ihrem Computer\/Tablet\/Mobiltelefon abgelegt wird. Sie erm\u00f6glicht es dieser Website, Ihre Aktionen und Pr\u00e4ferenzen (Benutzername, Sprache, Schriftgr\u00f6\u00dfe und andere Anzeigeeinstellungen) f\u00fcr eine bestimmte Zeit zu speichern, damit Sie diese Informationen nicht jedes Mal, wenn Sie diese Website besuchen oder von einer Seite zur anderen navigieren, erneut angeben m\u00fcssen. Ein weiterer Zweck besteht darin, Informationen \u00fcber Ihre Navigation zu sammeln und Dienste anzubieten, die auf Ihr Ger\u00e4t (Computer, Tablet, Handy) zugeschnitten sind.<\/p><p>Diese Cookies werden von der Browsersoftware verwaltet (Mozilla Firefox, Google Chrome, Safari, Internet Explorer, um nur die bekanntesten zu nennen&#8230;). Sie k\u00f6nnen Ihr Ger\u00e4t in keinem Fall besch\u00e4digen.<\/p><p>Von der Website www.asimute.uha.fr werden keine Cookies auf Ihrem Browser abgelegt. YouTube-Videos werden insbesondere \u00fcber <em>Iframes<\/em> eingebunden, um die Hinterlegung von Cookies zu vermeiden.<\/p><p>Unabh\u00e4ngig von der Herkunft der Cookies k\u00f6nnen Sie jedoch deren Verwendung und Speicherung ablehnen, ohne dass dies Einfluss auf Ihren Besuch unserer Website hat. Zu diesem Zweck sollten Sie Ihre Browser-Software entsprechend einstellen:<\/p><div class=\"su-list\"><ul><li><i class=\"sui sui-caret-right\"><\/i> Google Chrome : <a href=\"https:\/\/support.google.com\/chrome\/answer\/95647?hl=fr&amp;hlrm=en\" target=\"_blank\" rel=\"noopener\">https:\/\/support.google.com\/chrome\/answer\/95647?hl=fr&amp;hlrm=en<\/a><\/li><li><i class=\"sui sui-caret-right\"><\/i> Mozilla Firefox : <a href=\"https:\/\/support.mozilla.org\/fr\/kb\/cookies-informations-sites-enregistrent\" target=\"_blank\" rel=\"noopener\">https:\/\/support.mozilla.org\/fr\/kb\/cookies-informations-sites-enregistrent<\/a><\/li><li><i class=\"sui sui-caret-right\"><\/i> Microsoft Internet Explorer : <a href=\"https:\/\/support.microsoft.com\/fr-fr\/help\/17442\/windows-internet-explorer-delete-manage-cookies\" target=\"_blank\" rel=\"noopener\">https:\/\/support.microsoft.com\/fr-fr\/help\/17442\/windows-internet-explorer-delete-manage-cookies<\/a><\/li><li><i class=\"sui sui-caret-right\"><\/i> Safari : <a href=\"https:\/\/support.apple.com\/fr-fr\/guide\/safari\/sfri11471\/mac\" target=\"_blank\" rel=\"noopener\">https:\/\/support.apple.com\/fr-fr\/guide\/safari\/sfri11471\/mac<\/a><\/li><li><i class=\"sui sui-caret-right\"><\/i> Op\u00e9ra : <a href=\"http:\/\/help.opera.com\/Windows\/10.20\/fr\/cookies.html\" target=\"_blank\" rel=\"noopener\">http:\/\/help.opera.com\/Windows\/10.20\/fr\/cookies.html<\/a><\/li><\/ul><\/div><p><a href=\"https:\/\/www.cnil.fr\/fr\/cookies-les-outils-pour-les-maitriser\" target=\"_blank\" rel=\"noopener\">Mehr erfahren<\/a><\/p><p>Sie werden feststellen, dass Sie diese Cookies so verwalten k\u00f6nnen, wie es Ihren Erwartungen am ehesten entspricht, indem Sie den Zweck der Cookies ber\u00fccksichtigen. Sie k\u00f6nnen Cookies von Fall zu Fall oder systematisch annehmen oder ablehnen. Sie k\u00f6nnen auch Warnmeldungen einrichten, die Ihnen mitteilen, welche Cookies auf Ihrem Ger\u00e4t abgelegt werden, und diese akzeptieren oder ablehnen.<\/p>\t\t\t\t\t\t\t\t<\/div>\n\t\t\t\t<\/div>\n\t\t\t\t<div class=\"elementor-element elementor-element-d82e968 elementor-widget elementor-widget-heading\" data-id=\"d82e968\" data-element_type=\"widget\" data-e-type=\"widget\" data-widget_type=\"heading.default\">\n\t\t\t\t<div class=\"elementor-widget-container\">\n\t\t\t\t\t<h2 class=\"elementor-heading-title elementor-size-default\">Kontact<\/h2>\t\t\t\t<\/div>\n\t\t\t\t<\/div>\n\t\t\t\t<div class=\"elementor-element elementor-element-1ac0072 elementor-widget elementor-widget-text-editor\" data-id=\"1ac0072\" data-element_type=\"widget\" data-e-type=\"widget\" data-widget_type=\"text-editor.default\">\n\t\t\t\t<div class=\"elementor-widget-container\">\n\t\t\t\t\t\t\t\t\t<p>Durch all diese Ma\u00dfnahmen verpflichtet sich die Universit\u00e9 de Haute-Alsace somit, :<\/p><ul><li>Das <a href=\"https:\/\/www.cnil.fr\/fr\/la-loi-informatique-et-libertes\" target=\"_blank\" rel=\"noopener\">Gesetz \u00fcber Informatik und Freiheiten vom 6. Januar 1978 in seiner ge\u00e4nderten Fassung<\/a> einzuhalten,<\/li><li>die seit dem 25. Mai 2018 eingef\u00fchrte <a href=\"https:\/\/www.cnil.fr\/fr\/reglement-europeen-protection-donnees\" target=\"_blank\" rel=\"noopener\">Allgemeine Datenschutzverordnung<\/a> einzuhalten,<\/li><li>geeignete Ma\u00dfnahmen zur Sicherung und zum Schutz der Vertraulichkeit der Daten umzusetzen.<\/li><\/ul><p>F\u00fcr Informationen oder die Aus\u00fcbung Ihrer Rechte in Bezug auf die Verarbeitung personenbezogener Daten, die von der Website und den Diensten der Universit\u00e9 de Haute-Alsace verwaltet werden, k\u00f6nnen Sie den Datenschutzbeauftragten per E-Mail oder per Post kontaktieren unter:<\/p><p>Datenschutzbeauftragter: Mathieu Abboud<br \/>Email: <a href=\"mailto:dpd@uha.fr\">dpd@uha.fr<\/a> | <a href=\"mailto:mathieu.abboud@uha.fr\">mathieu.abboud@uha.fr<\/a><br \/>Postanschrift: Maison de l\u2019Universit\u00e9 (Campus Illberg)<br \/>2, Rue des Fr\u00e8res Lumi\u00e8re, Mulhouse<\/p><p>Projekt ASIMUTE &#8211; Universit\u00e9 de Haute-Alsace<br \/>Email: <a href=\"mailto:asimute.irimas@uha.fr\">asimute.irimas@uha.fr<\/a><br \/>Postanschrift: IRIMAS \u2013 Institut de Recherche en Informatique, Math\u00e9matiques, Automatique et Signal<br \/>61, Rue Albert Camus<br \/>F-68093 Mulhouse Cedex<\/p>\t\t\t\t\t\t\t\t<\/div>\n\t\t\t\t<\/div>\n\t\t\t\t\t<\/div>\n\t\t\t\t<\/div>\n\t\t\t\t<\/div>\n\t\t","protected":false},"excerpt":{"rendered":"<p>Datenschutzhinweis Die digitalen Daten Im Rahmen ihrer Aktivit\u00e4ten und zur Gew\u00e4hrleistung ihres reibungslosen Ablaufs ist die Universit\u00e9 de Haute-Alsace gezwungen, personenbezogene Daten \u00fcber Studierende, Personal und jede andere Person, mit der sie in Beziehung steht (Partner, Dienstleister, Leser der Bibliotheken&#8230;), zu sammeln und zu verarbeiten. So kann die Universit\u00e9 de Haute-Alsace Ihre personenbezogenen Daten insbesondere [&hellip;]<\/p>\n","protected":false},"author":3,"featured_media":0,"parent":0,"menu_order":0,"comment_status":"open","ping_status":"closed","template":"","meta":{"_acf_changed":false,"footnotes":""},"class_list":["post-151","page","type-page","status-publish","hentry"],"acf":[],"yoast_head":"<!-- This site is optimized with the Yoast SEO plugin v27.0 - https:\/\/yoast.com\/product\/yoast-seo-wordpress\/ -->\n<title>Datenschutzhinweis - ASIMUTE - Universit\u00e9 de Haute-Alsace<\/title>\n<meta name=\"robots\" content=\"index, follow, max-snippet:-1, max-image-preview:large, max-video-preview:-1\" \/>\n<link rel=\"canonical\" href=\"https:\/\/www.asimute.uha.fr\/de\/datenschutzhinweis\/\" \/>\n<meta property=\"og:locale\" content=\"fr_FR\" \/>\n<meta property=\"og:type\" content=\"article\" \/>\n<meta property=\"og:title\" content=\"Datenschutzhinweis - ASIMUTE - Universit\u00e9 de Haute-Alsace\" \/>\n<meta property=\"og:description\" content=\"Datenschutzhinweis Die digitalen Daten Im Rahmen ihrer Aktivit\u00e4ten und zur Gew\u00e4hrleistung ihres reibungslosen Ablaufs ist die Universit\u00e9 de Haute-Alsace gezwungen, personenbezogene Daten \u00fcber Studierende, Personal und jede andere Person, mit der sie in Beziehung steht (Partner, Dienstleister, Leser der Bibliotheken&#8230;), zu sammeln und zu verarbeiten. So kann die Universit\u00e9 de Haute-Alsace Ihre personenbezogenen Daten insbesondere [&hellip;]\" \/>\n<meta property=\"og:url\" content=\"https:\/\/www.asimute.uha.fr\/de\/datenschutzhinweis\/\" \/>\n<meta property=\"og:site_name\" content=\"ASIMUTE - Universit\u00e9 de Haute-Alsace\" \/>\n<meta property=\"article:modified_time\" content=\"2024-06-13T09:36:10+00:00\" \/>\n<meta name=\"twitter:card\" content=\"summary_large_image\" \/>\n<meta name=\"twitter:label1\" content=\"Dur\u00e9e de lecture estim\u00e9e\" \/>\n\t<meta name=\"twitter:data1\" content=\"5 minutes\" \/>\n<script type=\"application\/ld+json\" class=\"yoast-schema-graph\">{\"@context\":\"https:\/\/schema.org\",\"@graph\":[{\"@type\":\"WebPage\",\"@id\":\"https:\/\/www.asimute.uha.fr\/de\/datenschutzhinweis\/\",\"url\":\"https:\/\/www.asimute.uha.fr\/de\/datenschutzhinweis\/\",\"name\":\"Datenschutzhinweis - ASIMUTE - Universit\u00e9 de Haute-Alsace\",\"isPartOf\":{\"@id\":\"https:\/\/www.asimute.uha.fr\/de\/#website\"},\"datePublished\":\"2024-05-24T06:43:17+00:00\",\"dateModified\":\"2024-06-13T09:36:10+00:00\",\"breadcrumb\":{\"@id\":\"https:\/\/www.asimute.uha.fr\/de\/datenschutzhinweis\/#breadcrumb\"},\"inLanguage\":\"fr-FR\",\"potentialAction\":[{\"@type\":\"ReadAction\",\"target\":[\"https:\/\/www.asimute.uha.fr\/de\/datenschutzhinweis\/\"]}]},{\"@type\":\"BreadcrumbList\",\"@id\":\"https:\/\/www.asimute.uha.fr\/de\/datenschutzhinweis\/#breadcrumb\",\"itemListElement\":[{\"@type\":\"ListItem\",\"position\":1,\"name\":\"Accueil\",\"item\":\"https:\/\/www.asimute.uha.fr\/de\/\"},{\"@type\":\"ListItem\",\"position\":2,\"name\":\"Datenschutzhinweis\"}]},{\"@type\":\"WebSite\",\"@id\":\"https:\/\/www.asimute.uha.fr\/de\/#website\",\"url\":\"https:\/\/www.asimute.uha.fr\/de\/\",\"name\":\"ASIMUTE - Universit\u00e9 de Haute-Alsace\",\"description\":\"\",\"publisher\":{\"@id\":\"https:\/\/www.asimute.uha.fr\/de\/#organization\"},\"potentialAction\":[{\"@type\":\"SearchAction\",\"target\":{\"@type\":\"EntryPoint\",\"urlTemplate\":\"https:\/\/www.asimute.uha.fr\/de\/?s={search_term_string}\"},\"query-input\":{\"@type\":\"PropertyValueSpecification\",\"valueRequired\":true,\"valueName\":\"search_term_string\"}}],\"inLanguage\":\"fr-FR\"},{\"@type\":\"Organization\",\"@id\":\"https:\/\/www.asimute.uha.fr\/de\/#organization\",\"name\":\"ASIMUTE - Universit\u00e9 de Haute-Alsace\",\"url\":\"https:\/\/www.asimute.uha.fr\/de\/\",\"logo\":{\"@type\":\"ImageObject\",\"inLanguage\":\"fr-FR\",\"@id\":\"https:\/\/www.asimute.uha.fr\/de\/#\/schema\/logo\/image\/\",\"url\":\"https:\/\/www.asimute.uha.fr\/de\/wp-content\/uploads\/2024\/05\/Asimute-logo-site2.png\",\"contentUrl\":\"https:\/\/www.asimute.uha.fr\/de\/wp-content\/uploads\/2024\/05\/Asimute-logo-site2.png\",\"width\":313,\"height\":100,\"caption\":\"ASIMUTE - Universit\u00e9 de Haute-Alsace\"},\"image\":{\"@id\":\"https:\/\/www.asimute.uha.fr\/de\/#\/schema\/logo\/image\/\"}}]}<\/script>\n<!-- \/ Yoast SEO plugin. -->","yoast_head_json":{"title":"Datenschutzhinweis - ASIMUTE - Universit\u00e9 de Haute-Alsace","robots":{"index":"index","follow":"follow","max-snippet":"max-snippet:-1","max-image-preview":"max-image-preview:large","max-video-preview":"max-video-preview:-1"},"canonical":"https:\/\/www.asimute.uha.fr\/de\/datenschutzhinweis\/","og_locale":"fr_FR","og_type":"article","og_title":"Datenschutzhinweis - ASIMUTE - Universit\u00e9 de Haute-Alsace","og_description":"Datenschutzhinweis Die digitalen Daten Im Rahmen ihrer Aktivit\u00e4ten und zur Gew\u00e4hrleistung ihres reibungslosen Ablaufs ist die Universit\u00e9 de Haute-Alsace gezwungen, personenbezogene Daten \u00fcber Studierende, Personal und jede andere Person, mit der sie in Beziehung steht (Partner, Dienstleister, Leser der Bibliotheken&#8230;), zu sammeln und zu verarbeiten. So kann die Universit\u00e9 de Haute-Alsace Ihre personenbezogenen Daten insbesondere [&hellip;]","og_url":"https:\/\/www.asimute.uha.fr\/de\/datenschutzhinweis\/","og_site_name":"ASIMUTE - Universit\u00e9 de Haute-Alsace","article_modified_time":"2024-06-13T09:36:10+00:00","twitter_card":"summary_large_image","twitter_misc":{"Dur\u00e9e de lecture estim\u00e9e":"5 minutes"},"schema":{"@context":"https:\/\/schema.org","@graph":[{"@type":"WebPage","@id":"https:\/\/www.asimute.uha.fr\/de\/datenschutzhinweis\/","url":"https:\/\/www.asimute.uha.fr\/de\/datenschutzhinweis\/","name":"Datenschutzhinweis - ASIMUTE - Universit\u00e9 de Haute-Alsace","isPartOf":{"@id":"https:\/\/www.asimute.uha.fr\/de\/#website"},"datePublished":"2024-05-24T06:43:17+00:00","dateModified":"2024-06-13T09:36:10+00:00","breadcrumb":{"@id":"https:\/\/www.asimute.uha.fr\/de\/datenschutzhinweis\/#breadcrumb"},"inLanguage":"fr-FR","potentialAction":[{"@type":"ReadAction","target":["https:\/\/www.asimute.uha.fr\/de\/datenschutzhinweis\/"]}]},{"@type":"BreadcrumbList","@id":"https:\/\/www.asimute.uha.fr\/de\/datenschutzhinweis\/#breadcrumb","itemListElement":[{"@type":"ListItem","position":1,"name":"Accueil","item":"https:\/\/www.asimute.uha.fr\/de\/"},{"@type":"ListItem","position":2,"name":"Datenschutzhinweis"}]},{"@type":"WebSite","@id":"https:\/\/www.asimute.uha.fr\/de\/#website","url":"https:\/\/www.asimute.uha.fr\/de\/","name":"ASIMUTE - Universit\u00e9 de Haute-Alsace","description":"","publisher":{"@id":"https:\/\/www.asimute.uha.fr\/de\/#organization"},"potentialAction":[{"@type":"SearchAction","target":{"@type":"EntryPoint","urlTemplate":"https:\/\/www.asimute.uha.fr\/de\/?s={search_term_string}"},"query-input":{"@type":"PropertyValueSpecification","valueRequired":true,"valueName":"search_term_string"}}],"inLanguage":"fr-FR"},{"@type":"Organization","@id":"https:\/\/www.asimute.uha.fr\/de\/#organization","name":"ASIMUTE - Universit\u00e9 de Haute-Alsace","url":"https:\/\/www.asimute.uha.fr\/de\/","logo":{"@type":"ImageObject","inLanguage":"fr-FR","@id":"https:\/\/www.asimute.uha.fr\/de\/#\/schema\/logo\/image\/","url":"https:\/\/www.asimute.uha.fr\/de\/wp-content\/uploads\/2024\/05\/Asimute-logo-site2.png","contentUrl":"https:\/\/www.asimute.uha.fr\/de\/wp-content\/uploads\/2024\/05\/Asimute-logo-site2.png","width":313,"height":100,"caption":"ASIMUTE - Universit\u00e9 de Haute-Alsace"},"image":{"@id":"https:\/\/www.asimute.uha.fr\/de\/#\/schema\/logo\/image\/"}}]}},"_links":{"self":[{"href":"https:\/\/www.asimute.uha.fr\/de\/wp-json\/wp\/v2\/pages\/151","targetHints":{"allow":["GET"]}}],"collection":[{"href":"https:\/\/www.asimute.uha.fr\/de\/wp-json\/wp\/v2\/pages"}],"about":[{"href":"https:\/\/www.asimute.uha.fr\/de\/wp-json\/wp\/v2\/types\/page"}],"author":[{"embeddable":true,"href":"https:\/\/www.asimute.uha.fr\/de\/wp-json\/wp\/v2\/users\/3"}],"replies":[{"embeddable":true,"href":"https:\/\/www.asimute.uha.fr\/de\/wp-json\/wp\/v2\/comments?post=151"}],"version-history":[{"count":25,"href":"https:\/\/www.asimute.uha.fr\/de\/wp-json\/wp\/v2\/pages\/151\/revisions"}],"predecessor-version":[{"id":1206,"href":"https:\/\/www.asimute.uha.fr\/de\/wp-json\/wp\/v2\/pages\/151\/revisions\/1206"}],"wp:attachment":[{"href":"https:\/\/www.asimute.uha.fr\/de\/wp-json\/wp\/v2\/media?parent=151"}],"curies":[{"name":"wp","href":"https:\/\/api.w.org\/{rel}","templated":true}]}}