{"id":165,"date":"2024-05-24T08:48:56","date_gmt":"2024-05-24T06:48:56","guid":{"rendered":"https:\/\/www.asimute.uha.fr\/de\/?page_id=165"},"modified":"2024-06-13T11:36:33","modified_gmt":"2024-06-13T09:36:33","slug":"impressum","status":"publish","type":"page","link":"https:\/\/www.asimute.uha.fr\/de\/impressum\/","title":{"rendered":"Impressum"},"content":{"rendered":"\t\t<div data-elementor-type=\"wp-page\" data-elementor-id=\"165\" class=\"elementor elementor-165\" data-elementor-post-type=\"page\">\n\t\t\t\t<div class=\"elementor-element elementor-element-18df3e5 e-flex e-con-boxed e-con e-parent\" data-id=\"18df3e5\" data-element_type=\"container\" data-e-type=\"container\">\n\t\t\t\t\t<div class=\"e-con-inner\">\n\t\t\t\t<div class=\"elementor-element elementor-element-6bddf8a elementor-widget elementor-widget-global elementor-global-53 elementor-widget-breadcrumbs\" data-id=\"6bddf8a\" data-element_type=\"widget\" data-e-type=\"widget\" data-widget_type=\"breadcrumbs.default\">\n\t\t\t\t<div class=\"elementor-widget-container\">\n\t\t\t\t\t<p id=\"breadcrumbs\"><span><span><a href=\"https:\/\/www.asimute.uha.fr\/de\/\">Accueil<\/a><\/span><\/span><\/p>\t\t\t\t<\/div>\n\t\t\t\t<\/div>\n\t\t\t\t\t<\/div>\n\t\t\t\t<\/div>\n\t\t<div class=\"elementor-element elementor-element-02aa595 e-flex e-con-boxed e-con e-parent\" data-id=\"02aa595\" data-element_type=\"container\" data-e-type=\"container\">\n\t\t\t\t\t<div class=\"e-con-inner\">\n\t\t\t\t<div class=\"elementor-element elementor-element-36f57aa elementor-widget elementor-widget-heading\" data-id=\"36f57aa\" data-element_type=\"widget\" data-e-type=\"widget\" data-widget_type=\"heading.default\">\n\t\t\t\t<div class=\"elementor-widget-container\">\n\t\t\t\t\t<h1 class=\"elementor-heading-title elementor-size-default\">Impressum<\/h1>\t\t\t\t<\/div>\n\t\t\t\t<\/div>\n\t\t\t\t<div class=\"elementor-element elementor-element-a0054b5 elementor-widget elementor-widget-heading\" data-id=\"a0054b5\" data-element_type=\"widget\" data-e-type=\"widget\" data-widget_type=\"heading.default\">\n\t\t\t\t<div class=\"elementor-widget-container\">\n\t\t\t\t\t<h2 class=\"elementor-heading-title elementor-size-default\">Wer ist f\u00fcr diese Ver\u00f6ffentlichung verantwortlich?<\/h2>\t\t\t\t<\/div>\n\t\t\t\t<\/div>\n\t\t\t\t<div class=\"elementor-element elementor-element-d77c149 elementor-widget elementor-widget-text-editor\" data-id=\"d77c149\" data-element_type=\"widget\" data-e-type=\"widget\" data-widget_type=\"text-editor.default\">\n\t\t\t\t<div class=\"elementor-widget-container\">\n\t\t\t\t\t\t\t\t\t<p>Diese Website wird von der Universit\u00e9 de Haute-Alsace herausgegeben.<\/p><p><strong>Verantwortlich f\u00fcr die Ver\u00f6ffentlichung:<\/strong><br \/>Djaffar Ould-Abdeslam<br \/>Tr\u00e4ger und wissenschaftlicher Koordinator des Projekts ASIMUTE.<\/p>\t\t\t\t\t\t\t\t<\/div>\n\t\t\t\t<\/div>\n\t\t\t\t<div class=\"elementor-element elementor-element-e1fec37 elementor-widget elementor-widget-heading\" data-id=\"e1fec37\" data-element_type=\"widget\" data-e-type=\"widget\" data-widget_type=\"heading.default\">\n\t\t\t\t<div class=\"elementor-widget-container\">\n\t\t\t\t\t<h2 class=\"elementor-heading-title elementor-size-default\">Postalische Angaben<\/h2>\t\t\t\t<\/div>\n\t\t\t\t<\/div>\n\t\t\t\t<div class=\"elementor-element elementor-element-7e8bbc0 elementor-widget elementor-widget-text-editor\" data-id=\"7e8bbc0\" data-element_type=\"widget\" data-e-type=\"widget\" data-widget_type=\"text-editor.default\">\n\t\t\t\t<div class=\"elementor-widget-container\">\n\t\t\t\t\t\t\t\t\t<p>Universit\u00e9 de Haute-Alsace \u2013 UHA<br \/>IRIMAS \u2013 Institut de Recherche en Informatique, Math\u00e9matiques, Automatique et Signal<br \/>61, Rue Albert Camus<br \/>F-68093 Mulhouse Cedex<br \/>T\u00e9l. : <a href=\"tel:0389336020\">+33 (0)3 89 33 60 20<\/a><\/p>\t\t\t\t\t\t\t\t<\/div>\n\t\t\t\t<\/div>\n\t\t\t\t<div class=\"elementor-element elementor-element-e3e9b56 elementor-widget elementor-widget-heading\" data-id=\"e3e9b56\" data-element_type=\"widget\" data-e-type=\"widget\" data-widget_type=\"heading.default\">\n\t\t\t\t<div class=\"elementor-widget-container\">\n\t\t\t\t\t<h2 class=\"elementor-heading-title elementor-size-default\">Unterbringung<\/h2>\t\t\t\t<\/div>\n\t\t\t\t<\/div>\n\t\t\t\t<div class=\"elementor-element elementor-element-4ba39dc elementor-widget elementor-widget-text-editor\" data-id=\"4ba39dc\" data-element_type=\"widget\" data-e-type=\"widget\" data-widget_type=\"text-editor.default\">\n\t\t\t\t<div class=\"elementor-widget-container\">\n\t\t\t\t\t\t\t\t\t<p>Das Hosting der Website <a href=\"https:\/\/www.asimute.uha.fr\/de\" rel=\"noopener\">www.asimute.uha.fr\/de<\/a> wird von der UHA gew\u00e4hrleistet<\/p>\t\t\t\t\t\t\t\t<\/div>\n\t\t\t\t<\/div>\n\t\t\t\t<div class=\"elementor-element elementor-element-ab5a882 elementor-widget elementor-widget-heading\" data-id=\"ab5a882\" data-element_type=\"widget\" data-e-type=\"widget\" data-widget_type=\"heading.default\">\n\t\t\t\t<div class=\"elementor-widget-container\">\n\t\t\t\t\t<h2 class=\"elementor-heading-title elementor-size-default\">Pers\u00f6nliche Daten<\/h2>\t\t\t\t<\/div>\n\t\t\t\t<\/div>\n\t\t\t\t<div class=\"elementor-element elementor-element-02052e4 elementor-widget elementor-widget-text-editor\" data-id=\"02052e4\" data-element_type=\"widget\" data-e-type=\"widget\" data-widget_type=\"text-editor.default\">\n\t\t\t\t<div class=\"elementor-widget-container\">\n\t\t\t\t\t\t\t\t\t<p>Ohne das Wissen der Besucher der Website des Projekts ASIMUTE werden keine personenbezogenen Daten gesammelt. Die einzigen pers\u00f6nlichen Daten, die auf der Website gesammelt werden k\u00f6nnen, sind E-Mail-Adressen. Diese werden von der Website nur dann gesammelt, wenn sie freiwillig von Internetnutzern angegeben werden, die eine Antwort auf eine E-Mail erhalten m\u00f6chten, die sie \u00fcber die Website <a href=\"https:\/\/www.asimute.uha.fr\/de\" rel=\"noopener\">www.asimute.uha.fr\/de<\/a> an das ASIMUTE-Projektteam schicken m\u00f6chten.<\/p><p>Das ASIMUTE-Projektteam verpflichtet sich, diese Adressen ausschlie\u00dflich f\u00fcr diesen Zweck zu verwenden, und garantiert die Vertraulichkeit dieser Daten, die unter keinen Umst\u00e4nden an Dritte weitergegeben oder zug\u00e4nglich gemacht werden.<\/p><p>Sie haben ein Recht auf Zugang und Berichtigung, indem Sie sich an den Webmaster wenden: <a href=\"mailto:asimute.irimas@uha.fr\">asimute.irimas@uha.fr<\/a><\/p>\t\t\t\t\t\t\t\t<\/div>\n\t\t\t\t<\/div>\n\t\t\t\t<div class=\"elementor-element elementor-element-3f25aab elementor-widget elementor-widget-heading\" data-id=\"3f25aab\" data-element_type=\"widget\" data-e-type=\"widget\" data-widget_type=\"heading.default\">\n\t\t\t\t<div class=\"elementor-widget-container\">\n\t\t\t\t\t<h2 class=\"elementor-heading-title elementor-size-default\">Urheberrecht<\/h2>\t\t\t\t<\/div>\n\t\t\t\t<\/div>\n\t\t\t\t<div class=\"elementor-element elementor-element-9b53578 elementor-widget elementor-widget-text-editor\" data-id=\"9b53578\" data-element_type=\"widget\" data-e-type=\"widget\" data-widget_type=\"text-editor.default\">\n\t\t\t\t<div class=\"elementor-widget-container\">\n\t\t\t\t\t\t\t\t\t<p>Die gesamte Website (Inhalt und Pr\u00e4sentation) stellt ein Werk dar, das durch die geltenden franz\u00f6sischen und internationalen Gesetze \u00fcber das Urheberrecht und allgemein \u00fcber das geistige und gewerbliche Eigentum gesch\u00fctzt ist<\/p><p>Alle Rechte an geistigem und gewerblichem Eigentum (Urheberrechte, Patente, Marken), darunter insbesondere die Nutzungsrechte, die Rechte auf Vervielf\u00e4ltigung und Extraktion auf jedem beliebigen Tr\u00e4ger von allen oder einem Teil der Daten, Dateien und allen Elementen, die in den Webseiten dieser Website enthalten sind, sowie die Rechte auf Darstellung und Vervielf\u00e4ltigung auf jedem beliebigen Tr\u00e4ger von allen oder einem Teil der Website selbst, die Rechte auf \u00c4nderung, Anpassung oder \u00dcbersetzung, sind ausschlie\u00dflich dem Team des ASIMUTE-Projekts &#8211; und seinen eventuellen dritten Lizenzgebern &#8211; vorbehalten, insbesondere auch in Bezug auf herunterladbare Dokumente, grafische, ikonografische, fotografische, digitale oder audiovisuelle Darstellungen, und dies vorbehaltlich der bereits bestehenden Rechte Dritter, die die digitale Reproduktion und\/oder die Integration ihrer Werke jeglicher Art in diese Website durch das Team des ASIMUTE-Projekts genehmigt haben.<\/p><p>Die teilweise oder vollst\u00e4ndige Vervielf\u00e4ltigung der oben genannten Elemente und generell die Vervielf\u00e4ltigung der gesamten oder eines Teils dieser Website auf elektronischen Datentr\u00e4gern jeglicher Art ist ohne die vorherige schriftliche Zustimmung des ASIMUTE-Projektteams ausdr\u00fccklich untersagt.<\/p><p>Die Vervielf\u00e4ltigung von Texten und Webseiten der Website auf Papier ist unter folgenden kumulativen Bedingungen erlaubt: kostenlose Verbreitung, Wahrung der Integrit\u00e4t und des Zwecks der vervielf\u00e4ltigten Dokumente (keine \u00c4nderungen oder Modifikationen), Wahrung des Zwecks der Website bei der Verwendung dieser Informationen und Elemente, klare und lesbare Zitierung der Quelle mit Angabe des Namens der Website, ihrer Internetadresse und des Copyrights ASIMUTE &#8211; Autoconsommation et Stockage Intelligents pour une Meilleure UTilisation de l&rsquo;Energie (Eigenverbrauch und intelligente Speicherung f\u00fcr eine bessere Nutzung der Energie).<\/p><p>Dar\u00fcber hinaus sind alle auf dieser Website genannten Marken und abgebildeten Logos Eigentum ihrer jeweiligen Inhaber.<\/p>\t\t\t\t\t\t\t\t<\/div>\n\t\t\t\t<\/div>\n\t\t\t\t<div class=\"elementor-element elementor-element-c7f3440 elementor-widget elementor-widget-heading\" data-id=\"c7f3440\" data-element_type=\"widget\" data-e-type=\"widget\" data-widget_type=\"heading.default\">\n\t\t\t\t<div class=\"elementor-widget-container\">\n\t\t\t\t\t<h2 class=\"elementor-heading-title elementor-size-default\">Kontact<\/h2>\t\t\t\t<\/div>\n\t\t\t\t<\/div>\n\t\t\t\t<div class=\"elementor-element elementor-element-e7371b9 elementor-widget elementor-widget-text-editor\" data-id=\"e7371b9\" data-element_type=\"widget\" data-e-type=\"widget\" data-widget_type=\"text-editor.default\">\n\t\t\t\t<div class=\"elementor-widget-container\">\n\t\t\t\t\t\t\t\t\t<p>Wenn Sie Fragen oder Reaktionen zu dieser Website haben, k\u00f6nnen Sie sich unter folgender Adresse an uns wenden <a href=\"mailto:asimute.irimas@uha.fr\">asimute.irimas@uha.fr<\/a><\/p>\t\t\t\t\t\t\t\t<\/div>\n\t\t\t\t<\/div>\n\t\t\t\t\t<\/div>\n\t\t\t\t<\/div>\n\t\t\t\t<\/div>\n\t\t","protected":false},"excerpt":{"rendered":"<p>Impressum Wer ist f\u00fcr diese Ver\u00f6ffentlichung verantwortlich? Diese Website wird von der Universit\u00e9 de Haute-Alsace herausgegeben. Verantwortlich f\u00fcr die Ver\u00f6ffentlichung:Djaffar Ould-AbdeslamTr\u00e4ger und wissenschaftlicher Koordinator des Projekts ASIMUTE. Postalische Angaben Universit\u00e9 de Haute-Alsace \u2013 UHAIRIMAS \u2013 Institut de Recherche en Informatique, Math\u00e9matiques, Automatique et Signal61, Rue Albert CamusF-68093 Mulhouse CedexT\u00e9l. : +33 (0)3 89 33 60 [&hellip;]<\/p>\n","protected":false},"author":3,"featured_media":0,"parent":0,"menu_order":0,"comment_status":"open","ping_status":"closed","template":"","meta":{"_acf_changed":false,"footnotes":""},"class_list":["post-165","page","type-page","status-publish","hentry"],"acf":[],"yoast_head":"<!-- This site is optimized with the Yoast SEO plugin v27.0 - https:\/\/yoast.com\/product\/yoast-seo-wordpress\/ -->\n<title>Impressum - ASIMUTE - Universit\u00e9 de Haute-Alsace<\/title>\n<meta name=\"robots\" content=\"index, follow, max-snippet:-1, max-image-preview:large, max-video-preview:-1\" \/>\n<link rel=\"canonical\" href=\"https:\/\/www.asimute.uha.fr\/de\/impressum\/\" \/>\n<meta property=\"og:locale\" content=\"fr_FR\" \/>\n<meta property=\"og:type\" content=\"article\" \/>\n<meta property=\"og:title\" content=\"Impressum - ASIMUTE - Universit\u00e9 de Haute-Alsace\" \/>\n<meta property=\"og:description\" content=\"Impressum Wer ist f\u00fcr diese Ver\u00f6ffentlichung verantwortlich? Diese Website wird von der Universit\u00e9 de Haute-Alsace herausgegeben. Verantwortlich f\u00fcr die Ver\u00f6ffentlichung:Djaffar Ould-AbdeslamTr\u00e4ger und wissenschaftlicher Koordinator des Projekts ASIMUTE. Postalische Angaben Universit\u00e9 de Haute-Alsace \u2013 UHAIRIMAS \u2013 Institut de Recherche en Informatique, Math\u00e9matiques, Automatique et Signal61, Rue Albert CamusF-68093 Mulhouse CedexT\u00e9l. : +33 (0)3 89 33 60 [&hellip;]\" \/>\n<meta property=\"og:url\" content=\"https:\/\/www.asimute.uha.fr\/de\/impressum\/\" \/>\n<meta property=\"og:site_name\" content=\"ASIMUTE - Universit\u00e9 de Haute-Alsace\" \/>\n<meta property=\"article:modified_time\" content=\"2024-06-13T09:36:33+00:00\" \/>\n<meta name=\"twitter:card\" content=\"summary_large_image\" \/>\n<meta name=\"twitter:label1\" content=\"Dur\u00e9e de lecture estim\u00e9e\" \/>\n\t<meta name=\"twitter:data1\" content=\"3 minutes\" \/>\n<script type=\"application\/ld+json\" class=\"yoast-schema-graph\">{\"@context\":\"https:\/\/schema.org\",\"@graph\":[{\"@type\":\"WebPage\",\"@id\":\"https:\/\/www.asimute.uha.fr\/de\/impressum\/\",\"url\":\"https:\/\/www.asimute.uha.fr\/de\/impressum\/\",\"name\":\"Impressum - ASIMUTE - Universit\u00e9 de Haute-Alsace\",\"isPartOf\":{\"@id\":\"https:\/\/www.asimute.uha.fr\/de\/#website\"},\"datePublished\":\"2024-05-24T06:48:56+00:00\",\"dateModified\":\"2024-06-13T09:36:33+00:00\",\"breadcrumb\":{\"@id\":\"https:\/\/www.asimute.uha.fr\/de\/impressum\/#breadcrumb\"},\"inLanguage\":\"fr-FR\",\"potentialAction\":[{\"@type\":\"ReadAction\",\"target\":[\"https:\/\/www.asimute.uha.fr\/de\/impressum\/\"]}]},{\"@type\":\"BreadcrumbList\",\"@id\":\"https:\/\/www.asimute.uha.fr\/de\/impressum\/#breadcrumb\",\"itemListElement\":[{\"@type\":\"ListItem\",\"position\":1,\"name\":\"Accueil\",\"item\":\"https:\/\/www.asimute.uha.fr\/de\/\"},{\"@type\":\"ListItem\",\"position\":2,\"name\":\"Impressum\"}]},{\"@type\":\"WebSite\",\"@id\":\"https:\/\/www.asimute.uha.fr\/de\/#website\",\"url\":\"https:\/\/www.asimute.uha.fr\/de\/\",\"name\":\"ASIMUTE - Universit\u00e9 de Haute-Alsace\",\"description\":\"\",\"publisher\":{\"@id\":\"https:\/\/www.asimute.uha.fr\/de\/#organization\"},\"potentialAction\":[{\"@type\":\"SearchAction\",\"target\":{\"@type\":\"EntryPoint\",\"urlTemplate\":\"https:\/\/www.asimute.uha.fr\/de\/?s={search_term_string}\"},\"query-input\":{\"@type\":\"PropertyValueSpecification\",\"valueRequired\":true,\"valueName\":\"search_term_string\"}}],\"inLanguage\":\"fr-FR\"},{\"@type\":\"Organization\",\"@id\":\"https:\/\/www.asimute.uha.fr\/de\/#organization\",\"name\":\"ASIMUTE - Universit\u00e9 de Haute-Alsace\",\"url\":\"https:\/\/www.asimute.uha.fr\/de\/\",\"logo\":{\"@type\":\"ImageObject\",\"inLanguage\":\"fr-FR\",\"@id\":\"https:\/\/www.asimute.uha.fr\/de\/#\/schema\/logo\/image\/\",\"url\":\"https:\/\/www.asimute.uha.fr\/de\/wp-content\/uploads\/2024\/05\/Asimute-logo-site2.png\",\"contentUrl\":\"https:\/\/www.asimute.uha.fr\/de\/wp-content\/uploads\/2024\/05\/Asimute-logo-site2.png\",\"width\":313,\"height\":100,\"caption\":\"ASIMUTE - Universit\u00e9 de Haute-Alsace\"},\"image\":{\"@id\":\"https:\/\/www.asimute.uha.fr\/de\/#\/schema\/logo\/image\/\"}}]}<\/script>\n<!-- \/ Yoast SEO plugin. -->","yoast_head_json":{"title":"Impressum - ASIMUTE - Universit\u00e9 de Haute-Alsace","robots":{"index":"index","follow":"follow","max-snippet":"max-snippet:-1","max-image-preview":"max-image-preview:large","max-video-preview":"max-video-preview:-1"},"canonical":"https:\/\/www.asimute.uha.fr\/de\/impressum\/","og_locale":"fr_FR","og_type":"article","og_title":"Impressum - ASIMUTE - Universit\u00e9 de Haute-Alsace","og_description":"Impressum Wer ist f\u00fcr diese Ver\u00f6ffentlichung verantwortlich? Diese Website wird von der Universit\u00e9 de Haute-Alsace herausgegeben. Verantwortlich f\u00fcr die Ver\u00f6ffentlichung:Djaffar Ould-AbdeslamTr\u00e4ger und wissenschaftlicher Koordinator des Projekts ASIMUTE. Postalische Angaben Universit\u00e9 de Haute-Alsace \u2013 UHAIRIMAS \u2013 Institut de Recherche en Informatique, Math\u00e9matiques, Automatique et Signal61, Rue Albert CamusF-68093 Mulhouse CedexT\u00e9l. : +33 (0)3 89 33 60 [&hellip;]","og_url":"https:\/\/www.asimute.uha.fr\/de\/impressum\/","og_site_name":"ASIMUTE - Universit\u00e9 de Haute-Alsace","article_modified_time":"2024-06-13T09:36:33+00:00","twitter_card":"summary_large_image","twitter_misc":{"Dur\u00e9e de lecture estim\u00e9e":"3 minutes"},"schema":{"@context":"https:\/\/schema.org","@graph":[{"@type":"WebPage","@id":"https:\/\/www.asimute.uha.fr\/de\/impressum\/","url":"https:\/\/www.asimute.uha.fr\/de\/impressum\/","name":"Impressum - ASIMUTE - Universit\u00e9 de Haute-Alsace","isPartOf":{"@id":"https:\/\/www.asimute.uha.fr\/de\/#website"},"datePublished":"2024-05-24T06:48:56+00:00","dateModified":"2024-06-13T09:36:33+00:00","breadcrumb":{"@id":"https:\/\/www.asimute.uha.fr\/de\/impressum\/#breadcrumb"},"inLanguage":"fr-FR","potentialAction":[{"@type":"ReadAction","target":["https:\/\/www.asimute.uha.fr\/de\/impressum\/"]}]},{"@type":"BreadcrumbList","@id":"https:\/\/www.asimute.uha.fr\/de\/impressum\/#breadcrumb","itemListElement":[{"@type":"ListItem","position":1,"name":"Accueil","item":"https:\/\/www.asimute.uha.fr\/de\/"},{"@type":"ListItem","position":2,"name":"Impressum"}]},{"@type":"WebSite","@id":"https:\/\/www.asimute.uha.fr\/de\/#website","url":"https:\/\/www.asimute.uha.fr\/de\/","name":"ASIMUTE - Universit\u00e9 de Haute-Alsace","description":"","publisher":{"@id":"https:\/\/www.asimute.uha.fr\/de\/#organization"},"potentialAction":[{"@type":"SearchAction","target":{"@type":"EntryPoint","urlTemplate":"https:\/\/www.asimute.uha.fr\/de\/?s={search_term_string}"},"query-input":{"@type":"PropertyValueSpecification","valueRequired":true,"valueName":"search_term_string"}}],"inLanguage":"fr-FR"},{"@type":"Organization","@id":"https:\/\/www.asimute.uha.fr\/de\/#organization","name":"ASIMUTE - Universit\u00e9 de Haute-Alsace","url":"https:\/\/www.asimute.uha.fr\/de\/","logo":{"@type":"ImageObject","inLanguage":"fr-FR","@id":"https:\/\/www.asimute.uha.fr\/de\/#\/schema\/logo\/image\/","url":"https:\/\/www.asimute.uha.fr\/de\/wp-content\/uploads\/2024\/05\/Asimute-logo-site2.png","contentUrl":"https:\/\/www.asimute.uha.fr\/de\/wp-content\/uploads\/2024\/05\/Asimute-logo-site2.png","width":313,"height":100,"caption":"ASIMUTE - Universit\u00e9 de Haute-Alsace"},"image":{"@id":"https:\/\/www.asimute.uha.fr\/de\/#\/schema\/logo\/image\/"}}]}},"_links":{"self":[{"href":"https:\/\/www.asimute.uha.fr\/de\/wp-json\/wp\/v2\/pages\/165","targetHints":{"allow":["GET"]}}],"collection":[{"href":"https:\/\/www.asimute.uha.fr\/de\/wp-json\/wp\/v2\/pages"}],"about":[{"href":"https:\/\/www.asimute.uha.fr\/de\/wp-json\/wp\/v2\/types\/page"}],"author":[{"embeddable":true,"href":"https:\/\/www.asimute.uha.fr\/de\/wp-json\/wp\/v2\/users\/3"}],"replies":[{"embeddable":true,"href":"https:\/\/www.asimute.uha.fr\/de\/wp-json\/wp\/v2\/comments?post=165"}],"version-history":[{"count":12,"href":"https:\/\/www.asimute.uha.fr\/de\/wp-json\/wp\/v2\/pages\/165\/revisions"}],"predecessor-version":[{"id":1209,"href":"https:\/\/www.asimute.uha.fr\/de\/wp-json\/wp\/v2\/pages\/165\/revisions\/1209"}],"wp:attachment":[{"href":"https:\/\/www.asimute.uha.fr\/de\/wp-json\/wp\/v2\/media?parent=165"}],"curies":[{"name":"wp","href":"https:\/\/api.w.org\/{rel}","templated":true}]}}