{"id":222,"date":"2024-05-24T10:51:57","date_gmt":"2024-05-24T08:51:57","guid":{"rendered":"https:\/\/www.asimute.uha.fr\/de\/?page_id=222"},"modified":"2024-06-17T09:39:38","modified_gmt":"2024-06-17T07:39:38","slug":"kontakt","status":"publish","type":"page","link":"https:\/\/www.asimute.uha.fr\/de\/kontakt\/","title":{"rendered":"Kontakt"},"content":{"rendered":"\t\t<div data-elementor-type=\"wp-page\" data-elementor-id=\"222\" class=\"elementor elementor-222\" data-elementor-post-type=\"page\">\n\t\t\t\t<div class=\"elementor-element elementor-element-57a6261 e-flex e-con-boxed e-con e-parent\" data-id=\"57a6261\" data-element_type=\"container\" data-e-type=\"container\">\n\t\t\t\t\t<div class=\"e-con-inner\">\n\t\t\t\t<div class=\"elementor-element elementor-element-04e4467 elementor-widget elementor-widget-global elementor-global-53 elementor-widget-breadcrumbs\" data-id=\"04e4467\" data-element_type=\"widget\" data-e-type=\"widget\" data-widget_type=\"breadcrumbs.default\">\n\t\t\t\t<div class=\"elementor-widget-container\">\n\t\t\t\t\t<p id=\"breadcrumbs\"><span><span><a href=\"https:\/\/www.asimute.uha.fr\/de\/\">Accueil<\/a><\/span><\/span><\/p>\t\t\t\t<\/div>\n\t\t\t\t<\/div>\n\t\t\t\t\t<\/div>\n\t\t\t\t<\/div>\n\t\t<div class=\"elementor-element elementor-element-8e81cea e-flex e-con-boxed e-con e-parent\" data-id=\"8e81cea\" data-element_type=\"container\" data-e-type=\"container\">\n\t\t\t\t\t<div class=\"e-con-inner\">\n\t\t\t\t<div class=\"elementor-element elementor-element-07d8e60 elementor-widget elementor-widget-heading\" data-id=\"07d8e60\" data-element_type=\"widget\" data-e-type=\"widget\" data-widget_type=\"heading.default\">\n\t\t\t\t<div class=\"elementor-widget-container\">\n\t\t\t\t\t<h1 class=\"elementor-heading-title elementor-size-default\">kontakt<\/h1>\t\t\t\t<\/div>\n\t\t\t\t<\/div>\n\t\t\t\t<div class=\"elementor-element elementor-element-1146a69 elementor-widget elementor-widget-heading\" data-id=\"1146a69\" data-element_type=\"widget\" data-e-type=\"widget\" data-widget_type=\"heading.default\">\n\t\t\t\t<div class=\"elementor-widget-container\">\n\t\t\t\t\t<h2 class=\"elementor-heading-title elementor-size-default\">Beteiligen Sie sich am Projekt<\/h2>\t\t\t\t<\/div>\n\t\t\t\t<\/div>\n\t\t\t\t<div class=\"elementor-element elementor-element-0c5ac93 elementor-widget elementor-widget-text-editor\" data-id=\"0c5ac93\" data-element_type=\"widget\" data-e-type=\"widget\" data-widget_type=\"text-editor.default\">\n\t\t\t\t<div class=\"elementor-widget-container\">\n\t\t\t\t\t\t\t\t\t<p>Das ASIMUTE-Projekt ist spannend und herausfordernd. Wenn Sie mehr dar\u00fcber erfahren oder am Projekt teilnehmen m\u00f6chten, f\u00fcllen Sie bitte das untenstehende Formular aus.<\/p>\t\t\t\t\t\t\t\t<\/div>\n\t\t\t\t<\/div>\n\t\t<div class=\"elementor-element elementor-element-c40c5f8 e-con-full e-flex e-con e-child\" data-id=\"c40c5f8\" data-element_type=\"container\" data-e-type=\"container\" data-settings=\"{&quot;background_background&quot;:&quot;classic&quot;}\">\n\t\t<div class=\"elementor-element elementor-element-22d0c4a e-con-full e-flex e-con e-child\" data-id=\"22d0c4a\" data-element_type=\"container\" data-e-type=\"container\" data-settings=\"{&quot;background_background&quot;:&quot;classic&quot;}\">\n\t\t\t\t<div class=\"elementor-element elementor-element-2256ee1 elementor-widget elementor-widget-text-editor\" data-id=\"2256ee1\" data-element_type=\"widget\" data-e-type=\"widget\" data-widget_type=\"text-editor.default\">\n\t\t\t\t<div class=\"elementor-widget-container\">\n\t\t\t\t\t\t\t\t\t<p>Sind Sie an unserem Projekt interessiert? Kontaktieren Sie uns, indem Sie dieses Formular ausf\u00fcllen<\/p>\t\t\t\t\t\t\t\t<\/div>\n\t\t\t\t<\/div>\n\t\t\t\t<div class=\"elementor-element elementor-element-6cbd2a2 elementor-widget-divider--view-line elementor-widget elementor-widget-divider\" data-id=\"6cbd2a2\" data-element_type=\"widget\" data-e-type=\"widget\" data-widget_type=\"divider.default\">\n\t\t\t\t<div class=\"elementor-widget-container\">\n\t\t\t\t\t\t\t<div class=\"elementor-divider\">\n\t\t\t<span class=\"elementor-divider-separator\">\n\t\t\t\t\t\t<\/span>\n\t\t<\/div>\n\t\t\t\t\t\t<\/div>\n\t\t\t\t<\/div>\n\t\t\t\t<div class=\"elementor-element elementor-element-dd3767a contact-info elementor-widget elementor-widget-text-editor\" data-id=\"dd3767a\" data-element_type=\"widget\" data-e-type=\"widget\" data-widget_type=\"text-editor.default\">\n\t\t\t\t<div class=\"elementor-widget-container\">\n\t\t\t\t\t\t\t\t\t<div>Prof. Djaffar Ould Abdeslam<br \/>Wissenschaftlicher Koordinator<\/div><div>\u00a0<\/div><div style=\"font-weight: 500;\">IRIMAS \u2013 Institut de Recherche en Informatique, Math\u00e9matiques, Automatique et Signal<\/div><div>61, Rue Albert Camus<br \/>F-68093 Mulhouse<\/div><div>\u00a0<\/div><div>Tel\u00a0: <a href=\"tel:0389336020\">+33 (0)3 89 33 60 20<\/a><\/div><div>E-mail\u00a0: <a href=\"mailto:djaffar.ould-abdeslam@uha.fr\" rel=\"noopener\">djaffar.ould-abdeslam@uha.fr<\/a><\/div>\t\t\t\t\t\t\t\t<\/div>\n\t\t\t\t<\/div>\n\t\t\t\t<\/div>\n\t\t\t\t<div class=\"elementor-element elementor-element-1ab4f8d elementor-button-align-center elementor-widget__width-initial elementor-widget elementor-widget-form\" data-id=\"1ab4f8d\" data-element_type=\"widget\" data-e-type=\"widget\" data-settings=\"{&quot;step_next_label&quot;:&quot;Suivant&quot;,&quot;step_previous_label&quot;:&quot;Pr\\u00e9c\\u00e9dent&quot;,&quot;button_width&quot;:&quot;100&quot;,&quot;step_type&quot;:&quot;number_text&quot;,&quot;step_icon_shape&quot;:&quot;circle&quot;}\" data-widget_type=\"form.default\">\n\t\t\t\t<div class=\"elementor-widget-container\">\n\t\t\t\t\t\t\t<form class=\"elementor-form\" method=\"post\" name=\"Formulaire ASIMUTE\" aria-label=\"Formulaire ASIMUTE\">\n\t\t\t<input type=\"hidden\" name=\"post_id\" value=\"222\"\/>\n\t\t\t<input type=\"hidden\" name=\"form_id\" value=\"1ab4f8d\"\/>\n\t\t\t<input type=\"hidden\" name=\"referer_title\" value=\"Kontakt - ASIMUTE - Universit\u00e9 de Haute-Alsace\" \/>\n\n\t\t\t\t\t\t\t<input type=\"hidden\" name=\"queried_id\" value=\"222\"\/>\n\t\t\t\n\t\t\t<div class=\"elementor-form-fields-wrapper elementor-labels-\">\n\t\t\t\t\t\t\t\t<div class=\"elementor-field-type-text elementor-field-group elementor-column elementor-field-group-nom elementor-col-33 elementor-field-required\">\n\t\t\t\t\t\t\t\t\t\t\t\t<label for=\"form-field-nom\" class=\"elementor-field-label elementor-screen-only\">\n\t\t\t\t\t\t\t\tNom\t\t\t\t\t\t\t<\/label>\n\t\t\t\t\t\t\t\t\t\t\t\t\t\t<input size=\"1\" type=\"text\" name=\"form_fields[nom]\" id=\"form-field-nom\" class=\"elementor-field elementor-size-md  elementor-field-textual\" placeholder=\"Ihr Name *\" required=\"required\">\n\t\t\t\t\t\t\t\t\t\t\t<\/div>\n\t\t\t\t\t\t\t\t<div class=\"elementor-field-type-email elementor-field-group elementor-column elementor-field-group-email elementor-col-33 elementor-field-required\">\n\t\t\t\t\t\t\t\t\t\t\t\t<label for=\"form-field-email\" class=\"elementor-field-label elementor-screen-only\">\n\t\t\t\t\t\t\t\tE-mail\t\t\t\t\t\t\t<\/label>\n\t\t\t\t\t\t\t\t\t\t\t\t\t\t<input size=\"1\" type=\"email\" name=\"form_fields[email]\" id=\"form-field-email\" class=\"elementor-field elementor-size-md  elementor-field-textual\" placeholder=\"Ihre e-mail *\" required=\"required\">\n\t\t\t\t\t\t\t\t\t\t\t<\/div>\n\t\t\t\t\t\t\t\t<div class=\"elementor-field-type-select elementor-field-group elementor-column elementor-field-group-statut elementor-col-33 elementor-field-required\">\n\t\t\t\t\t\t\t\t\t\t\t\t<label for=\"form-field-statut\" class=\"elementor-field-label elementor-screen-only\">\n\t\t\t\t\t\t\t\tVous \u00eates\t\t\t\t\t\t\t<\/label>\n\t\t\t\t\t\t\t\t<div class=\"elementor-field elementor-select-wrapper remove-before \">\n\t\t\t<div class=\"select-caret-down-wrapper\">\n\t\t\t\t<svg aria-hidden=\"true\" class=\"e-font-icon-svg e-eicon-caret-down\" viewBox=\"0 0 571.4 571.4\" xmlns=\"http:\/\/www.w3.org\/2000\/svg\"><path d=\"M571 393Q571 407 561 418L311 668Q300 679 286 679T261 668L11 418Q0 407 0 393T11 368 36 357H536Q550 357 561 368T571 393Z\"><\/path><\/svg>\t\t\t<\/div>\n\t\t\t<select name=\"form_fields[statut]\" id=\"form-field-statut\" class=\"elementor-field-textual elementor-size-md\" required=\"required\">\n\t\t\t\t\t\t\t\t\t<option value=\"----\">----<\/option>\n\t\t\t\t\t\t\t\t\t<option value=\"B\u00fcrger\">B\u00fcrger<\/option>\n\t\t\t\t\t\t\t\t\t<option value=\"Akademische Institution\">Akademische Institution<\/option>\n\t\t\t\t\t\t\t\t\t<option value=\"Journalist\">Journalist<\/option>\n\t\t\t\t\t\t\t<\/select>\n\t\t<\/div>\n\t\t\t\t\t\t<\/div>\n\t\t\t\t\t\t\t\t<div class=\"elementor-field-type-text elementor-field-group elementor-column elementor-field-group-objet elementor-col-100\">\n\t\t\t\t\t\t\t\t\t\t\t\t<label for=\"form-field-objet\" class=\"elementor-field-label elementor-screen-only\">\n\t\t\t\t\t\t\t\tObjet\t\t\t\t\t\t\t<\/label>\n\t\t\t\t\t\t\t\t\t\t\t\t\t\t<input size=\"1\" type=\"text\" name=\"form_fields[objet]\" id=\"form-field-objet\" class=\"elementor-field elementor-size-md  elementor-field-textual\" placeholder=\"Grund f\u00fcr Ihre Nachricht\">\n\t\t\t\t\t\t\t\t\t\t\t<\/div>\n\t\t\t\t\t\t\t\t<div class=\"elementor-field-type-textarea elementor-field-group elementor-column elementor-field-group-message elementor-col-100\">\n\t\t\t\t\t\t\t\t\t\t\t\t<label for=\"form-field-message\" class=\"elementor-field-label elementor-screen-only\">\n\t\t\t\t\t\t\t\tMessage\t\t\t\t\t\t\t<\/label>\n\t\t\t\t\t\t<textarea class=\"elementor-field-textual elementor-field  elementor-size-md\" name=\"form_fields[message]\" id=\"form-field-message\" rows=\"4\" placeholder=\"Schreiben Sie Ihre Nachricht\"><\/textarea>\t\t\t\t<\/div>\n\t\t\t\t\t\t\t\t<div class=\"elementor-field-type-html elementor-field-group elementor-column elementor-field-group-field_fee2d8c elementor-col-100\">\n\t\t\t\t\t<span style=\"font-size: .9em;\"><span style=\"color: red;\">*<\/span> Um Ihre Nachricht zu versenden, m\u00fcssen diese Felder ausgef\u00fcllt werden.<\/span>\t\t\t\t<\/div>\n\t\t\t\t\t\t\t\t<div class=\"elementor-field-type-radio elementor-field-group elementor-column elementor-field-group-field_ef58b2a elementor-col-100 elementor-field-required\">\n\t\t\t\t\t\t\t\t\t\t\t\t<label for=\"form-field-field_ef58b2a\" class=\"elementor-field-label elementor-screen-only\">\n\t\t\t\t\t\t\t\tConfidentialit\u00e9\t\t\t\t\t\t\t<\/label>\n\t\t\t\t\t\t<div class=\"elementor-field-subgroup  \"><span class=\"elementor-field-option\"><input type=\"radio\" value=\"&lt;span style=&quot;font-size: .9em;&quot;&gt;Wenn Sie auf &quot;SENDEN&quot; klicken, stimmen Sie unserer &lt;a href=&quot;\/de\/datenschutzrichtlinie\/&quot; rel=&quot;noopener&quot;&gt;Datenschutzrichtlinie &lt;\/a&gt; zu.&lt;\/span&gt;\" id=\"form-field-field_ef58b2a-0\" name=\"form_fields[field_ef58b2a]\" required=\"required\"> <label for=\"form-field-field_ef58b2a-0\"><span style=\"font-size: .9em;\">Wenn Sie auf \"SENDEN\" klicken, stimmen Sie unserer <a href=\"\/de\/datenschutzrichtlinie\/\" rel=\"noopener\">Datenschutzrichtlinie <\/a> zu.<\/span><\/label><\/span><\/div>\t\t\t\t<\/div>\n\t\t\t\t\t\t\t\t<div class=\"elementor-field-group elementor-column elementor-field-type-submit elementor-col-100 e-form__buttons\">\n\t\t\t\t\t<button class=\"elementor-button elementor-size-md\" type=\"submit\">\n\t\t\t\t\t\t<span class=\"elementor-button-content-wrapper\">\n\t\t\t\t\t\t\t\t\t\t\t\t\t\t\t\t\t\t\t\t\t\t<span class=\"elementor-button-text\">Senden<\/span>\n\t\t\t\t\t\t\t\t\t\t\t\t\t<\/span>\n\t\t\t\t\t<\/button>\n\t\t\t\t<\/div>\n\t\t\t<\/div>\n\t\t<\/form>\n\t\t\t\t\t\t<\/div>\n\t\t\t\t<\/div>\n\t\t\t\t<\/div>\n\t\t\t\t\t<\/div>\n\t\t\t\t<\/div>\n\t\t<div class=\"elementor-element elementor-element-4cc384a e-con-full e-flex e-con e-parent\" data-id=\"4cc384a\" data-element_type=\"container\" data-e-type=\"container\">\n\t\t\t\t<div class=\"elementor-element elementor-element-823f9d0 elementor-widget elementor-widget-google_maps\" data-id=\"823f9d0\" data-element_type=\"widget\" data-e-type=\"widget\" data-widget_type=\"google_maps.default\">\n\t\t\t\t<div class=\"elementor-widget-container\">\n\t\t\t\t\t\t\t<div class=\"elementor-custom-embed\">\n\t\t\t<iframe loading=\"lazy\"\n\t\t\t\t\tsrc=\"https:\/\/maps.google.com\/maps?q=Iut%20Mulhouse&#038;t=m&#038;z=12&#038;output=embed&#038;iwloc=near\"\n\t\t\t\t\ttitle=\"Iut Mulhouse\"\n\t\t\t\t\taria-label=\"Iut Mulhouse\"\n\t\t\t><\/iframe>\n\t\t<\/div>\n\t\t\t\t\t\t<\/div>\n\t\t\t\t<\/div>\n\t\t\t\t<\/div>\n\t\t\t\t<\/div>\n\t\t","protected":false},"excerpt":{"rendered":"<p>kontakt Beteiligen Sie sich am Projekt Das ASIMUTE-Projekt ist spannend und herausfordernd. Wenn Sie mehr dar\u00fcber erfahren oder am Projekt teilnehmen m\u00f6chten, f\u00fcllen Sie bitte das untenstehende Formular aus. Sind Sie an unserem Projekt interessiert? Kontaktieren Sie uns, indem Sie dieses Formular ausf\u00fcllen Prof. Djaffar Ould AbdeslamWissenschaftlicher Koordinator\u00a0IRIMAS \u2013 Institut de Recherche en Informatique, Math\u00e9matiques, [&hellip;]<\/p>\n","protected":false},"author":3,"featured_media":0,"parent":0,"menu_order":0,"comment_status":"closed","ping_status":"closed","template":"","meta":{"_acf_changed":false,"footnotes":""},"class_list":["post-222","page","type-page","status-publish","hentry"],"acf":[],"yoast_head":"<!-- This site is optimized with the Yoast SEO plugin v27.0 - https:\/\/yoast.com\/product\/yoast-seo-wordpress\/ -->\n<title>Kontakt - ASIMUTE - Universit\u00e9 de Haute-Alsace<\/title>\n<meta name=\"robots\" content=\"index, follow, max-snippet:-1, max-image-preview:large, max-video-preview:-1\" \/>\n<link rel=\"canonical\" href=\"https:\/\/www.asimute.uha.fr\/de\/kontakt\/\" \/>\n<meta property=\"og:locale\" content=\"fr_FR\" \/>\n<meta property=\"og:type\" content=\"article\" \/>\n<meta property=\"og:title\" content=\"Kontakt - ASIMUTE - Universit\u00e9 de Haute-Alsace\" \/>\n<meta property=\"og:description\" content=\"kontakt Beteiligen Sie sich am Projekt Das ASIMUTE-Projekt ist spannend und herausfordernd. Wenn Sie mehr dar\u00fcber erfahren oder am Projekt teilnehmen m\u00f6chten, f\u00fcllen Sie bitte das untenstehende Formular aus. Sind Sie an unserem Projekt interessiert? Kontaktieren Sie uns, indem Sie dieses Formular ausf\u00fcllen Prof. Djaffar Ould AbdeslamWissenschaftlicher Koordinator\u00a0IRIMAS \u2013 Institut de Recherche en Informatique, Math\u00e9matiques, [&hellip;]\" \/>\n<meta property=\"og:url\" content=\"https:\/\/www.asimute.uha.fr\/de\/kontakt\/\" \/>\n<meta property=\"og:site_name\" content=\"ASIMUTE - Universit\u00e9 de Haute-Alsace\" \/>\n<meta property=\"article:modified_time\" content=\"2024-06-17T07:39:38+00:00\" \/>\n<meta name=\"twitter:card\" content=\"summary_large_image\" \/>\n<script type=\"application\/ld+json\" class=\"yoast-schema-graph\">{\"@context\":\"https:\/\/schema.org\",\"@graph\":[{\"@type\":\"WebPage\",\"@id\":\"https:\/\/www.asimute.uha.fr\/de\/kontakt\/\",\"url\":\"https:\/\/www.asimute.uha.fr\/de\/kontakt\/\",\"name\":\"Kontakt - ASIMUTE - Universit\u00e9 de Haute-Alsace\",\"isPartOf\":{\"@id\":\"https:\/\/www.asimute.uha.fr\/de\/#website\"},\"datePublished\":\"2024-05-24T08:51:57+00:00\",\"dateModified\":\"2024-06-17T07:39:38+00:00\",\"breadcrumb\":{\"@id\":\"https:\/\/www.asimute.uha.fr\/de\/kontakt\/#breadcrumb\"},\"inLanguage\":\"fr-FR\",\"potentialAction\":[{\"@type\":\"ReadAction\",\"target\":[\"https:\/\/www.asimute.uha.fr\/de\/kontakt\/\"]}]},{\"@type\":\"BreadcrumbList\",\"@id\":\"https:\/\/www.asimute.uha.fr\/de\/kontakt\/#breadcrumb\",\"itemListElement\":[{\"@type\":\"ListItem\",\"position\":1,\"name\":\"Accueil\",\"item\":\"https:\/\/www.asimute.uha.fr\/de\/\"},{\"@type\":\"ListItem\",\"position\":2,\"name\":\"Kontakt\"}]},{\"@type\":\"WebSite\",\"@id\":\"https:\/\/www.asimute.uha.fr\/de\/#website\",\"url\":\"https:\/\/www.asimute.uha.fr\/de\/\",\"name\":\"ASIMUTE - Universit\u00e9 de Haute-Alsace\",\"description\":\"\",\"publisher\":{\"@id\":\"https:\/\/www.asimute.uha.fr\/de\/#organization\"},\"potentialAction\":[{\"@type\":\"SearchAction\",\"target\":{\"@type\":\"EntryPoint\",\"urlTemplate\":\"https:\/\/www.asimute.uha.fr\/de\/?s={search_term_string}\"},\"query-input\":{\"@type\":\"PropertyValueSpecification\",\"valueRequired\":true,\"valueName\":\"search_term_string\"}}],\"inLanguage\":\"fr-FR\"},{\"@type\":\"Organization\",\"@id\":\"https:\/\/www.asimute.uha.fr\/de\/#organization\",\"name\":\"ASIMUTE - Universit\u00e9 de Haute-Alsace\",\"url\":\"https:\/\/www.asimute.uha.fr\/de\/\",\"logo\":{\"@type\":\"ImageObject\",\"inLanguage\":\"fr-FR\",\"@id\":\"https:\/\/www.asimute.uha.fr\/de\/#\/schema\/logo\/image\/\",\"url\":\"https:\/\/www.asimute.uha.fr\/de\/wp-content\/uploads\/2024\/05\/Asimute-logo-site2.png\",\"contentUrl\":\"https:\/\/www.asimute.uha.fr\/de\/wp-content\/uploads\/2024\/05\/Asimute-logo-site2.png\",\"width\":313,\"height\":100,\"caption\":\"ASIMUTE - Universit\u00e9 de Haute-Alsace\"},\"image\":{\"@id\":\"https:\/\/www.asimute.uha.fr\/de\/#\/schema\/logo\/image\/\"}}]}<\/script>\n<!-- \/ Yoast SEO plugin. -->","yoast_head_json":{"title":"Kontakt - ASIMUTE - Universit\u00e9 de Haute-Alsace","robots":{"index":"index","follow":"follow","max-snippet":"max-snippet:-1","max-image-preview":"max-image-preview:large","max-video-preview":"max-video-preview:-1"},"canonical":"https:\/\/www.asimute.uha.fr\/de\/kontakt\/","og_locale":"fr_FR","og_type":"article","og_title":"Kontakt - ASIMUTE - Universit\u00e9 de Haute-Alsace","og_description":"kontakt Beteiligen Sie sich am Projekt Das ASIMUTE-Projekt ist spannend und herausfordernd. Wenn Sie mehr dar\u00fcber erfahren oder am Projekt teilnehmen m\u00f6chten, f\u00fcllen Sie bitte das untenstehende Formular aus. Sind Sie an unserem Projekt interessiert? Kontaktieren Sie uns, indem Sie dieses Formular ausf\u00fcllen Prof. Djaffar Ould AbdeslamWissenschaftlicher Koordinator\u00a0IRIMAS \u2013 Institut de Recherche en Informatique, Math\u00e9matiques, [&hellip;]","og_url":"https:\/\/www.asimute.uha.fr\/de\/kontakt\/","og_site_name":"ASIMUTE - Universit\u00e9 de Haute-Alsace","article_modified_time":"2024-06-17T07:39:38+00:00","twitter_card":"summary_large_image","schema":{"@context":"https:\/\/schema.org","@graph":[{"@type":"WebPage","@id":"https:\/\/www.asimute.uha.fr\/de\/kontakt\/","url":"https:\/\/www.asimute.uha.fr\/de\/kontakt\/","name":"Kontakt - ASIMUTE - Universit\u00e9 de Haute-Alsace","isPartOf":{"@id":"https:\/\/www.asimute.uha.fr\/de\/#website"},"datePublished":"2024-05-24T08:51:57+00:00","dateModified":"2024-06-17T07:39:38+00:00","breadcrumb":{"@id":"https:\/\/www.asimute.uha.fr\/de\/kontakt\/#breadcrumb"},"inLanguage":"fr-FR","potentialAction":[{"@type":"ReadAction","target":["https:\/\/www.asimute.uha.fr\/de\/kontakt\/"]}]},{"@type":"BreadcrumbList","@id":"https:\/\/www.asimute.uha.fr\/de\/kontakt\/#breadcrumb","itemListElement":[{"@type":"ListItem","position":1,"name":"Accueil","item":"https:\/\/www.asimute.uha.fr\/de\/"},{"@type":"ListItem","position":2,"name":"Kontakt"}]},{"@type":"WebSite","@id":"https:\/\/www.asimute.uha.fr\/de\/#website","url":"https:\/\/www.asimute.uha.fr\/de\/","name":"ASIMUTE - Universit\u00e9 de Haute-Alsace","description":"","publisher":{"@id":"https:\/\/www.asimute.uha.fr\/de\/#organization"},"potentialAction":[{"@type":"SearchAction","target":{"@type":"EntryPoint","urlTemplate":"https:\/\/www.asimute.uha.fr\/de\/?s={search_term_string}"},"query-input":{"@type":"PropertyValueSpecification","valueRequired":true,"valueName":"search_term_string"}}],"inLanguage":"fr-FR"},{"@type":"Organization","@id":"https:\/\/www.asimute.uha.fr\/de\/#organization","name":"ASIMUTE - Universit\u00e9 de Haute-Alsace","url":"https:\/\/www.asimute.uha.fr\/de\/","logo":{"@type":"ImageObject","inLanguage":"fr-FR","@id":"https:\/\/www.asimute.uha.fr\/de\/#\/schema\/logo\/image\/","url":"https:\/\/www.asimute.uha.fr\/de\/wp-content\/uploads\/2024\/05\/Asimute-logo-site2.png","contentUrl":"https:\/\/www.asimute.uha.fr\/de\/wp-content\/uploads\/2024\/05\/Asimute-logo-site2.png","width":313,"height":100,"caption":"ASIMUTE - Universit\u00e9 de Haute-Alsace"},"image":{"@id":"https:\/\/www.asimute.uha.fr\/de\/#\/schema\/logo\/image\/"}}]}},"_links":{"self":[{"href":"https:\/\/www.asimute.uha.fr\/de\/wp-json\/wp\/v2\/pages\/222","targetHints":{"allow":["GET"]}}],"collection":[{"href":"https:\/\/www.asimute.uha.fr\/de\/wp-json\/wp\/v2\/pages"}],"about":[{"href":"https:\/\/www.asimute.uha.fr\/de\/wp-json\/wp\/v2\/types\/page"}],"author":[{"embeddable":true,"href":"https:\/\/www.asimute.uha.fr\/de\/wp-json\/wp\/v2\/users\/3"}],"replies":[{"embeddable":true,"href":"https:\/\/www.asimute.uha.fr\/de\/wp-json\/wp\/v2\/comments?post=222"}],"version-history":[{"count":26,"href":"https:\/\/www.asimute.uha.fr\/de\/wp-json\/wp\/v2\/pages\/222\/revisions"}],"predecessor-version":[{"id":1270,"href":"https:\/\/www.asimute.uha.fr\/de\/wp-json\/wp\/v2\/pages\/222\/revisions\/1270"}],"wp:attachment":[{"href":"https:\/\/www.asimute.uha.fr\/de\/wp-json\/wp\/v2\/media?parent=222"}],"curies":[{"name":"wp","href":"https:\/\/api.w.org\/{rel}","templated":true}]}}