{"id":149,"date":"2024-05-29T12:59:19","date_gmt":"2024-05-29T10:59:19","guid":{"rendered":"https:\/\/www.asimute.uha.fr\/en\/?page_id=149"},"modified":"2024-06-13T13:10:23","modified_gmt":"2024-06-13T11:10:23","slug":"accessibility","status":"publish","type":"page","link":"https:\/\/www.asimute.uha.fr\/en\/accessibility\/","title":{"rendered":"Accessibility"},"content":{"rendered":"\t\t<div data-elementor-type=\"wp-page\" data-elementor-id=\"149\" class=\"elementor elementor-149\" data-elementor-post-type=\"page\">\n\t\t\t\t<div class=\"elementor-element elementor-element-c41baf3 e-flex e-con-boxed e-con e-parent\" data-id=\"c41baf3\" data-element_type=\"container\" data-e-type=\"container\">\n\t\t\t\t\t<div class=\"e-con-inner\">\n\t\t\t\t<div class=\"elementor-element elementor-element-bd502f7 elementor-widget elementor-widget-global elementor-global-67 elementor-widget-breadcrumbs\" data-id=\"bd502f7\" data-element_type=\"widget\" data-e-type=\"widget\" data-widget_type=\"breadcrumbs.default\">\n\t\t\t\t<div class=\"elementor-widget-container\">\n\t\t\t\t\t<p id=\"breadcrumbs\"><span><span><a href=\"https:\/\/www.asimute.uha.fr\/en\/\">Accueil<\/a><\/span><\/span><\/p>\t\t\t\t<\/div>\n\t\t\t\t<\/div>\n\t\t\t\t\t<\/div>\n\t\t\t\t<\/div>\n\t\t<div class=\"elementor-element elementor-element-2fd2d24 e-flex e-con-boxed e-con e-parent\" data-id=\"2fd2d24\" data-element_type=\"container\" data-e-type=\"container\">\n\t\t\t\t\t<div class=\"e-con-inner\">\n\t\t\t\t<div class=\"elementor-element elementor-element-a7daa23 elementor-widget elementor-widget-heading\" data-id=\"a7daa23\" data-element_type=\"widget\" data-e-type=\"widget\" data-widget_type=\"heading.default\">\n\t\t\t\t<div class=\"elementor-widget-container\">\n\t\t\t\t\t<h1 class=\"elementor-heading-title elementor-size-default\">Accessibility<\/h1>\t\t\t\t<\/div>\n\t\t\t\t<\/div>\n\t\t\t\t<div class=\"elementor-element elementor-element-a589fd1 elementor-widget elementor-widget-heading\" data-id=\"a589fd1\" data-element_type=\"widget\" data-e-type=\"widget\" data-widget_type=\"heading.default\">\n\t\t\t\t<div class=\"elementor-widget-container\">\n\t\t\t\t\t<h2 class=\"elementor-heading-title elementor-size-default\">What is digital accessibility?<\/h2>\t\t\t\t<\/div>\n\t\t\t\t<\/div>\n\t\t\t\t<div class=\"elementor-element elementor-element-254ea49 elementor-widget elementor-widget-text-editor\" data-id=\"254ea49\" data-element_type=\"widget\" data-e-type=\"widget\" data-widget_type=\"text-editor.default\">\n\t\t\t\t<div class=\"elementor-widget-container\">\n\t\t\t\t\t\t\t\t\t<p>According to Tim Berners-Lee (director of <a href=\"https:\/\/www.w3.org\/\" target=\"_blank\" rel=\"noopener noreferrer;\">W3C<\/a>\u00a0and inventor of the World Wide Web), accessibility means making the web and its services available to all individuals, regardless of their hardware or software, network infrastructure, mother tongue, culture, geographical location or physical or mental aptitudes.<\/p><p>A website is &#8220;accessible&#8221; when anyone can navigate it without difficulty using a browser and\/or an assistive tool.<\/p>\t\t\t\t\t\t\t\t<\/div>\n\t\t\t\t<\/div>\n\t\t\t\t<div class=\"elementor-element elementor-element-fbadd11 elementor-widget elementor-widget-heading\" data-id=\"fbadd11\" data-element_type=\"widget\" data-e-type=\"widget\" data-widget_type=\"heading.default\">\n\t\t\t\t<div class=\"elementor-widget-container\">\n\t\t\t\t\t<h2 class=\"elementor-heading-title elementor-size-default\">Compliance with standards<\/h2>\t\t\t\t<\/div>\n\t\t\t\t<\/div>\n\t\t\t\t<div class=\"elementor-element elementor-element-a159ed2 elementor-widget elementor-widget-text-editor\" data-id=\"a159ed2\" data-element_type=\"widget\" data-e-type=\"widget\" data-widget_type=\"text-editor.default\">\n\t\t\t\t<div class=\"elementor-widget-container\">\n\t\t\t\t\t\t\t\t\t<p>The HTML code complies with the HTML5 specification. It is tested using the W3C HTML validator.<\/p><p>If, despite our best efforts, any errors are detected following validation, please let us know.<\/p>\t\t\t\t\t\t\t\t<\/div>\n\t\t\t\t<\/div>\n\t\t\t\t<div class=\"elementor-element elementor-element-d5b2f46 elementor-widget elementor-widget-heading\" data-id=\"d5b2f46\" data-element_type=\"widget\" data-e-type=\"widget\" data-widget_type=\"heading.default\">\n\t\t\t\t<div class=\"elementor-widget-container\">\n\t\t\t\t\t<h2 class=\"elementor-heading-title elementor-size-default\">Structure and layout<\/h2>\t\t\t\t<\/div>\n\t\t\t\t<\/div>\n\t\t\t\t<div class=\"elementor-element elementor-element-05033ad elementor-widget elementor-widget-text-editor\" data-id=\"05033ad\" data-element_type=\"widget\" data-e-type=\"widget\" data-widget_type=\"text-editor.default\">\n\t\t\t\t<div class=\"elementor-widget-container\">\n\t\t\t\t\t\t\t\t\t<p>The layout of the site is separated from its content by the use of style sheets. The use of CSS positioning properties, by completely separating presentation and content, enables documents to retain a consistent order outside CSS: title, menus, content, etc.<\/p>\t\t\t\t\t\t\t\t<\/div>\n\t\t\t\t<\/div>\n\t\t\t\t<div class=\"elementor-element elementor-element-05487d4 elementor-widget elementor-widget-heading\" data-id=\"05487d4\" data-element_type=\"widget\" data-e-type=\"widget\" data-widget_type=\"heading.default\">\n\t\t\t\t<div class=\"elementor-widget-container\">\n\t\t\t\t\t<h2 class=\"elementor-heading-title elementor-size-default\">Breadcrumbs<\/h2>\t\t\t\t<\/div>\n\t\t\t\t<\/div>\n\t\t\t\t<div class=\"elementor-element elementor-element-8a76fe3 elementor-widget elementor-widget-text-editor\" data-id=\"8a76fe3\" data-element_type=\"widget\" data-e-type=\"widget\" data-widget_type=\"text-editor.default\">\n\t\t\t\t<div class=\"elementor-widget-container\">\n\t\t\t\t\t\t\t\t\t<p>Le fil d\u2019Ariane vous indique le chemin de navigation que vous avez emprunt\u00e9 en situant la page affich\u00e9e \u00e0 l\u2019\u00e9cran et vous permet de remonter dans l\u2019arborescence.<\/p>\t\t\t\t\t\t\t\t<\/div>\n\t\t\t\t<\/div>\n\t\t\t\t<div class=\"elementor-element elementor-element-e781882 elementor-widget elementor-widget-heading\" data-id=\"e781882\" data-element_type=\"widget\" data-e-type=\"widget\" data-widget_type=\"heading.default\">\n\t\t\t\t<div class=\"elementor-widget-container\">\n\t\t\t\t\t<h2 class=\"elementor-heading-title elementor-size-default\">Texte or page size adjustment<\/h2>\t\t\t\t<\/div>\n\t\t\t\t<\/div>\n\t\t\t\t<div class=\"elementor-element elementor-element-7659bac elementor-widget elementor-widget-text-editor\" data-id=\"7659bac\" data-element_type=\"widget\" data-e-type=\"widget\" data-widget_type=\"text-editor.default\">\n\t\t\t\t<div class=\"elementor-widget-container\">\n\t\t\t\t\t\t\t\t\t<p>In order to allow users to modify the layout of the site, and especially the size of the characters displayed, the page layout is based on the use of relative units. In this way, text and\/or page size can be enlarged:<\/p><ul><li>With most browsers: Ctrl + mouse wheel<\/li><li>or Ctrl+ to increase font size and Ctrl- to decrease it.<\/li><\/ul><p>On versions prior to Internet Explorer 7: in the menu bar at the top of the browser, go to View&gt; Text size and choose the size you prefer.<\/p>\t\t\t\t\t\t\t\t<\/div>\n\t\t\t\t<\/div>\n\t\t\t\t<div class=\"elementor-element elementor-element-9bce727 elementor-widget elementor-widget-heading\" data-id=\"9bce727\" data-element_type=\"widget\" data-e-type=\"widget\" data-widget_type=\"heading.default\">\n\t\t\t\t<div class=\"elementor-widget-container\">\n\t\t\t\t\t<h2 class=\"elementor-heading-title elementor-size-default\">Printable version<\/h2>\t\t\t\t<\/div>\n\t\t\t\t<\/div>\n\t\t\t\t<div class=\"elementor-element elementor-element-cab69d3 elementor-widget elementor-widget-text-editor\" data-id=\"cab69d3\" data-element_type=\"widget\" data-e-type=\"widget\" data-widget_type=\"text-editor.default\">\n\t\t\t\t<div class=\"elementor-widget-container\">\n\t\t\t\t\t\t\t\t\t<p>On all browsers, the &#8220;Print&#8221; function can also be found in the menu bar at the top of the browser, under File &gt; Print.<\/p><p>When you print a page, all the site&#8217;s navigation elements will be hidden so that you can print only the useful content of your information. Please consider your environmental responsibility before printing.<\/p>\t\t\t\t\t\t\t\t<\/div>\n\t\t\t\t<\/div>\n\t\t\t\t<div class=\"elementor-element elementor-element-700bd2a elementor-widget elementor-widget-heading\" data-id=\"700bd2a\" data-element_type=\"widget\" data-e-type=\"widget\" data-widget_type=\"heading.default\">\n\t\t\t\t<div class=\"elementor-widget-container\">\n\t\t\t\t\t<h2 class=\"elementor-heading-title elementor-size-default\">Add this site to your \"favorites\"<\/h2>\t\t\t\t<\/div>\n\t\t\t\t<\/div>\n\t\t\t\t<div class=\"elementor-element elementor-element-04a6d41 elementor-widget elementor-widget-text-editor\" data-id=\"04a6d41\" data-element_type=\"widget\" data-e-type=\"widget\" data-widget_type=\"text-editor.default\">\n\t\t\t\t<div class=\"elementor-widget-container\">\n\t\t\t\t\t\t\t\t\t<p>In the menu bar at the top of your browser :<\/p><ul><li>Internet Explorer: Favorites &gt; Add to Favorites<\/li><li>Mozilla Firefox: Bookmark &gt; Bookmark this page<\/li><li>Safari: Bookmarks &gt; Add to bookmarks<\/li><li>under Opera: Bookmarks &gt; Bookmark this page<\/li><\/ul><p>If you have any problems accessing this site, please let us know.<\/p>\t\t\t\t\t\t\t\t<\/div>\n\t\t\t\t<\/div>\n\t\t\t\t<div class=\"elementor-element elementor-element-e45872d elementor-widget elementor-widget-heading\" data-id=\"e45872d\" data-element_type=\"widget\" data-e-type=\"widget\" data-widget_type=\"heading.default\">\n\t\t\t\t<div class=\"elementor-widget-container\">\n\t\t\t\t\t<h2 class=\"elementor-heading-title elementor-size-default\">Good to know<\/h2>\t\t\t\t<\/div>\n\t\t\t\t<\/div>\n\t\t\t\t<div class=\"elementor-element elementor-element-acf740c elementor-widget elementor-widget-text-editor\" data-id=\"acf740c\" data-element_type=\"widget\" data-e-type=\"widget\" data-widget_type=\"text-editor.default\">\n\t\t\t\t<div class=\"elementor-widget-container\">\n\t\t\t\t\t\t\t\t\t<p>The logos in the site header and footer take you to the corresponding sites with a simple click:<\/p><ul><li>The ASIMUTE logo takes you to the ASIMUTE home page<\/li><li>The UHA logo takes you to the University website<\/li><li>The Interreg logo takes you to the European region website<\/li><\/ul>\t\t\t\t\t\t\t\t<\/div>\n\t\t\t\t<\/div>\n\t\t\t\t\t<\/div>\n\t\t\t\t<\/div>\n\t\t\t\t<\/div>\n\t\t","protected":false},"excerpt":{"rendered":"<p>Accessibility What is digital accessibility? According to Tim Berners-Lee (director of W3C\u00a0and inventor of the World Wide Web), accessibility means making the web and its services available to all individuals, regardless of their hardware or software, network infrastructure, mother tongue, culture, geographical location or physical or mental aptitudes. A website is &#8220;accessible&#8221; when anyone can [&hellip;]<\/p>\n","protected":false},"author":3,"featured_media":0,"parent":0,"menu_order":0,"comment_status":"closed","ping_status":"closed","template":"","meta":{"_acf_changed":false,"footnotes":""},"class_list":["post-149","page","type-page","status-publish","hentry"],"acf":[],"yoast_head":"<!-- This site is optimized with the Yoast SEO plugin v27.4 - https:\/\/yoast.com\/product\/yoast-seo-wordpress\/ -->\n<title>Accessibility - ASIMUTE - Universit\u00e9 de Haute-Alsace<\/title>\n<meta name=\"robots\" content=\"index, follow, max-snippet:-1, max-image-preview:large, max-video-preview:-1\" \/>\n<link rel=\"canonical\" href=\"https:\/\/www.asimute.uha.fr\/en\/accessibility\/\" \/>\n<meta property=\"og:locale\" content=\"en_US\" \/>\n<meta property=\"og:type\" content=\"article\" \/>\n<meta property=\"og:title\" content=\"Accessibility - ASIMUTE - Universit\u00e9 de Haute-Alsace\" \/>\n<meta property=\"og:description\" content=\"Accessibility What is digital accessibility? According to Tim Berners-Lee (director of W3C\u00a0and inventor of the World Wide Web), accessibility means making the web and its services available to all individuals, regardless of their hardware or software, network infrastructure, mother tongue, culture, geographical location or physical or mental aptitudes. A website is &#8220;accessible&#8221; when anyone can [&hellip;]\" \/>\n<meta property=\"og:url\" content=\"https:\/\/www.asimute.uha.fr\/en\/accessibility\/\" \/>\n<meta property=\"og:site_name\" content=\"ASIMUTE - Universit\u00e9 de Haute-Alsace\" \/>\n<meta property=\"article:modified_time\" content=\"2024-06-13T11:10:23+00:00\" \/>\n<meta name=\"twitter:card\" content=\"summary_large_image\" \/>\n<meta name=\"twitter:label1\" content=\"Est. reading time\" \/>\n\t<meta name=\"twitter:data1\" content=\"2 minutes\" \/>\n<script type=\"application\/ld+json\" class=\"yoast-schema-graph\">{\"@context\":\"https:\\\/\\\/schema.org\",\"@graph\":[{\"@type\":\"WebPage\",\"@id\":\"https:\\\/\\\/www.asimute.uha.fr\\\/en\\\/accessibility\\\/\",\"url\":\"https:\\\/\\\/www.asimute.uha.fr\\\/en\\\/accessibility\\\/\",\"name\":\"Accessibility - ASIMUTE - Universit\u00e9 de Haute-Alsace\",\"isPartOf\":{\"@id\":\"https:\\\/\\\/www.asimute.uha.fr\\\/en\\\/#website\"},\"datePublished\":\"2024-05-29T10:59:19+00:00\",\"dateModified\":\"2024-06-13T11:10:23+00:00\",\"breadcrumb\":{\"@id\":\"https:\\\/\\\/www.asimute.uha.fr\\\/en\\\/accessibility\\\/#breadcrumb\"},\"inLanguage\":\"en-US\",\"potentialAction\":[{\"@type\":\"ReadAction\",\"target\":[\"https:\\\/\\\/www.asimute.uha.fr\\\/en\\\/accessibility\\\/\"]}]},{\"@type\":\"BreadcrumbList\",\"@id\":\"https:\\\/\\\/www.asimute.uha.fr\\\/en\\\/accessibility\\\/#breadcrumb\",\"itemListElement\":[{\"@type\":\"ListItem\",\"position\":1,\"name\":\"Accueil\",\"item\":\"https:\\\/\\\/www.asimute.uha.fr\\\/en\\\/\"},{\"@type\":\"ListItem\",\"position\":2,\"name\":\"Accessibility\"}]},{\"@type\":\"WebSite\",\"@id\":\"https:\\\/\\\/www.asimute.uha.fr\\\/en\\\/#website\",\"url\":\"https:\\\/\\\/www.asimute.uha.fr\\\/en\\\/\",\"name\":\"ASIMUTE - Universit\u00e9 de Haute-Alsace\",\"description\":\"\",\"publisher\":{\"@id\":\"https:\\\/\\\/www.asimute.uha.fr\\\/en\\\/#organization\"},\"potentialAction\":[{\"@type\":\"SearchAction\",\"target\":{\"@type\":\"EntryPoint\",\"urlTemplate\":\"https:\\\/\\\/www.asimute.uha.fr\\\/en\\\/?s={search_term_string}\"},\"query-input\":{\"@type\":\"PropertyValueSpecification\",\"valueRequired\":true,\"valueName\":\"search_term_string\"}}],\"inLanguage\":\"en-US\"},{\"@type\":\"Organization\",\"@id\":\"https:\\\/\\\/www.asimute.uha.fr\\\/en\\\/#organization\",\"name\":\"ASIMUTE - Universit\u00e9 de Haute-Alsace\",\"url\":\"https:\\\/\\\/www.asimute.uha.fr\\\/en\\\/\",\"logo\":{\"@type\":\"ImageObject\",\"inLanguage\":\"en-US\",\"@id\":\"https:\\\/\\\/www.asimute.uha.fr\\\/en\\\/#\\\/schema\\\/logo\\\/image\\\/\",\"url\":\"https:\\\/\\\/www.asimute.uha.fr\\\/en\\\/wp-content\\\/uploads\\\/2024\\\/05\\\/Asimute-logo-site2.png\",\"contentUrl\":\"https:\\\/\\\/www.asimute.uha.fr\\\/en\\\/wp-content\\\/uploads\\\/2024\\\/05\\\/Asimute-logo-site2.png\",\"width\":313,\"height\":100,\"caption\":\"ASIMUTE - Universit\u00e9 de Haute-Alsace\"},\"image\":{\"@id\":\"https:\\\/\\\/www.asimute.uha.fr\\\/en\\\/#\\\/schema\\\/logo\\\/image\\\/\"}}]}<\/script>\n<!-- \/ Yoast SEO plugin. -->","yoast_head_json":{"title":"Accessibility - ASIMUTE - Universit\u00e9 de Haute-Alsace","robots":{"index":"index","follow":"follow","max-snippet":"max-snippet:-1","max-image-preview":"max-image-preview:large","max-video-preview":"max-video-preview:-1"},"canonical":"https:\/\/www.asimute.uha.fr\/en\/accessibility\/","og_locale":"en_US","og_type":"article","og_title":"Accessibility - ASIMUTE - Universit\u00e9 de Haute-Alsace","og_description":"Accessibility What is digital accessibility? According to Tim Berners-Lee (director of W3C\u00a0and inventor of the World Wide Web), accessibility means making the web and its services available to all individuals, regardless of their hardware or software, network infrastructure, mother tongue, culture, geographical location or physical or mental aptitudes. A website is &#8220;accessible&#8221; when anyone can [&hellip;]","og_url":"https:\/\/www.asimute.uha.fr\/en\/accessibility\/","og_site_name":"ASIMUTE - Universit\u00e9 de Haute-Alsace","article_modified_time":"2024-06-13T11:10:23+00:00","twitter_card":"summary_large_image","twitter_misc":{"Est. reading time":"2 minutes"},"schema":{"@context":"https:\/\/schema.org","@graph":[{"@type":"WebPage","@id":"https:\/\/www.asimute.uha.fr\/en\/accessibility\/","url":"https:\/\/www.asimute.uha.fr\/en\/accessibility\/","name":"Accessibility - ASIMUTE - Universit\u00e9 de Haute-Alsace","isPartOf":{"@id":"https:\/\/www.asimute.uha.fr\/en\/#website"},"datePublished":"2024-05-29T10:59:19+00:00","dateModified":"2024-06-13T11:10:23+00:00","breadcrumb":{"@id":"https:\/\/www.asimute.uha.fr\/en\/accessibility\/#breadcrumb"},"inLanguage":"en-US","potentialAction":[{"@type":"ReadAction","target":["https:\/\/www.asimute.uha.fr\/en\/accessibility\/"]}]},{"@type":"BreadcrumbList","@id":"https:\/\/www.asimute.uha.fr\/en\/accessibility\/#breadcrumb","itemListElement":[{"@type":"ListItem","position":1,"name":"Accueil","item":"https:\/\/www.asimute.uha.fr\/en\/"},{"@type":"ListItem","position":2,"name":"Accessibility"}]},{"@type":"WebSite","@id":"https:\/\/www.asimute.uha.fr\/en\/#website","url":"https:\/\/www.asimute.uha.fr\/en\/","name":"ASIMUTE - Universit\u00e9 de Haute-Alsace","description":"","publisher":{"@id":"https:\/\/www.asimute.uha.fr\/en\/#organization"},"potentialAction":[{"@type":"SearchAction","target":{"@type":"EntryPoint","urlTemplate":"https:\/\/www.asimute.uha.fr\/en\/?s={search_term_string}"},"query-input":{"@type":"PropertyValueSpecification","valueRequired":true,"valueName":"search_term_string"}}],"inLanguage":"en-US"},{"@type":"Organization","@id":"https:\/\/www.asimute.uha.fr\/en\/#organization","name":"ASIMUTE - Universit\u00e9 de Haute-Alsace","url":"https:\/\/www.asimute.uha.fr\/en\/","logo":{"@type":"ImageObject","inLanguage":"en-US","@id":"https:\/\/www.asimute.uha.fr\/en\/#\/schema\/logo\/image\/","url":"https:\/\/www.asimute.uha.fr\/en\/wp-content\/uploads\/2024\/05\/Asimute-logo-site2.png","contentUrl":"https:\/\/www.asimute.uha.fr\/en\/wp-content\/uploads\/2024\/05\/Asimute-logo-site2.png","width":313,"height":100,"caption":"ASIMUTE - Universit\u00e9 de Haute-Alsace"},"image":{"@id":"https:\/\/www.asimute.uha.fr\/en\/#\/schema\/logo\/image\/"}}]}},"_links":{"self":[{"href":"https:\/\/www.asimute.uha.fr\/en\/wp-json\/wp\/v2\/pages\/149","targetHints":{"allow":["GET"]}}],"collection":[{"href":"https:\/\/www.asimute.uha.fr\/en\/wp-json\/wp\/v2\/pages"}],"about":[{"href":"https:\/\/www.asimute.uha.fr\/en\/wp-json\/wp\/v2\/types\/page"}],"author":[{"embeddable":true,"href":"https:\/\/www.asimute.uha.fr\/en\/wp-json\/wp\/v2\/users\/3"}],"replies":[{"embeddable":true,"href":"https:\/\/www.asimute.uha.fr\/en\/wp-json\/wp\/v2\/comments?post=149"}],"version-history":[{"count":10,"href":"https:\/\/www.asimute.uha.fr\/en\/wp-json\/wp\/v2\/pages\/149\/revisions"}],"predecessor-version":[{"id":950,"href":"https:\/\/www.asimute.uha.fr\/en\/wp-json\/wp\/v2\/pages\/149\/revisions\/950"}],"wp:attachment":[{"href":"https:\/\/www.asimute.uha.fr\/en\/wp-json\/wp\/v2\/media?parent=149"}],"curies":[{"name":"wp","href":"https:\/\/api.w.org\/{rel}","templated":true}]}}